{"id":367,"date":"2016-02-22T16:04:45","date_gmt":"2016-02-22T15:04:45","guid":{"rendered":"http:\/\/dotlogic.net\/wp\/?page_id=367"},"modified":"2022-03-10T15:48:20","modified_gmt":"2022-03-10T14:48:20","slug":"privacy","status":"publish","type":"page","link":"https:\/\/www.urbanphotoawards.com\/it\/privacy\/","title":{"rendered":"Privacy &#038; Cookie Policy"},"content":{"rendered":"<div class=\"su-note\"  style=\"border-color:#e5e5e5;border-radius:3px;-moz-border-radius:3px;-webkit-border-radius:3px;\"><div class=\"su-note-inner su-u-clearfix su-u-trim\" style=\"background-color:#ffffff;border-color:#ffffff;color:#333333;border-radius:3px;-moz-border-radius:3px;-webkit-border-radius:3px;\">\n<p><b>Informativa per il trattamento dei dati personali e cookie policy <\/b><br \/>\n<b><\/b><\/p>\n<p><b>URBAN Photo Awards<\/b>, promosso dall&#8217;associazione culturale<b> dotART<\/b>, con sede legale in <b>Via del Veltro 30<\/b>, <b>Trieste<\/b>, <b>Codice fiscale 90125960329<\/b>, in qualit\u00e0 di Titolare del trattamento (in seguito, \u201cTitolare\u201d), Vi informa ai sensi dell\u2019art. 13 D.Lgs. 30.6.2003 n. 196 (in seguito, \u201cCodice Privacy\u201d) e dell\u2019art. 13 Regolamento UE n. 2016\/679 (in seguito, \u201cGDPR\u201d) che i Vostri dati saranno trattati con le modalit\u00e0 e per le finalit\u00e0 seguenti.<\/p>\n<hr \/>\n<p><b>Oggetto del trattamento e DPO<\/b><br \/>\nIl Titolare tratta i dati personali, identificativi e non sensibili (a titolo esemplificativo ma non esaustivo, nome, cognome, indirizzo, telefono, e-mail, etc. \u2013 in seguito, \u201cdati personali\u201d o anche \u201cdati\u201d) da Voi comunicati in occasione della registrazione al sito web <b>www.urbanphotoawards.com <\/b>(in seguito, \u201cSito\u201d) o al form di contatto, di iscrizione alla newsletter, dell\u2019ordine e\/o acquisto di prodotti online tramite il Sito o, comunque, di ogni Vostra richiesta al Titolare.<\/p>\n<hr \/>\n<p><b>URBAN Photo Awards<\/b> \u00e8 dotata di un responsabile per la protezione dei dati (Data Protection Officer o &#8220;DPO&#8221;). Il DPO \u00e8 a disposizione per qualunque informazione inerente il trattamento dei dati personali di <b>www.urbanphotoawards.com<\/b>. \u00c8 possibile contattare il DPO scrivendo a: <b>iscrizione@dotart.it<\/b>.<\/p>\n<hr \/>\n<p><b>Altri dati trattati <\/b><br \/>\n<i>Dati di navigazione:<\/i> i sistemi informatici e le procedure software preposte al funzionamento di questo sito acquisiscono, nel corso del loro normale esercizio, alcuni dati personali la cui trasmissione \u00e8 implicita nei protocolli di comunicazione di Internet. Si tratta di informazioni che non sono raccolte per essere associate agli interessati identificati, ma che per la loro stessa natura potrebbero, attraverso elaborazioni ed associazioni con dati detenuti da terzi, permettere di identificare gli utenti. In questa categoria di dati rientrano:<\/p>\n<ul>\n<li>Indirizzi IP;<\/li>\n<li>Nomi a dominio dei computer utilizzati dagli utenti che si connettono al sito;<\/li>\n<li>Indirizzi di notazione URI (Uniform Resource Identifier) delle risorse richieste, l\u2019orario della richiesta, metodo utilizzato nel sottoporre la richiesta al server, dimensione del file ottenuto in risposta, codice numerico indicante lo stato della risposta data dal server (buon fine, errore, etc\u2026) ed altri parametri relativi al sistema operativo ed all\u2019ambiente informatico dell\u2019utente.<\/li>\n<\/ul>\n<p>Questi dati vengono utilizzati al solo fine di gestire contatti con clienti, consulenti, fornitori e\/o collaboratori in genere; pertanto verranno cancellati immediatamente dopo l\u2019elaborazione o l&#8217;utilizzazione. Potrebbero, tuttavia, essere utilizzati per l\u2019accertamento di eventuali responsabilit\u00e0 in caso di ipotetici reati informatici ai danni del sito o, comunque, connessi alla navigazione su eventuali link.<\/p>\n<hr \/>\n<p><b>Finalit\u00e0 del trattamento<\/b><br \/>\nI Vostri dati personali sono trattati:<br \/>\nA. Senza il Vostro preventivo consenso espresso (art. 24 lett. a), b), c) Codice Privacy e art. 6 lett. b), e) GDPR), per le seguenti Finalit\u00e0 di Servizio:<\/p>\n<ul>\n<li>adempiere agli obblighi precontrattuali, contrattuali e fiscali derivanti da rapporti con Voi in essere;<\/li>\n<li>permetterVi la registrazione al Sito;<\/li>\n<li>processare e gestire gli ordini ricevuti e\/o gli acquisti effettuati online;<\/li>\n<li>processare una richiesta di contatto;<\/li>\n<li>permetterVi la candidatura online e processarLa;<\/li>\n<li>gestire e manutenere il Sito;<\/li>\n<li>adempiere agli obblighi previsti dalla legge, da un regolamento, dalla normativa comunitaria o da un ordine dell\u2019Autorit\u00e0;<\/li>\n<li>prevenire o scoprire attivit\u00e0 fraudolente o abusi dannosi per il Sito;<\/li>\n<li>esercitare i diritti del Titolare, ad esempio il diritto di difesa in giudizio.<\/li>\n<\/ul>\n<p>B. Solo previo Vostro specifico e distinto consenso (artt. 23 e 130 Codice Privacy e art. 7 GDPR), per le seguenti Finalit\u00e0 di Marketing:<\/p>\n<ul>\n<li>inviarVi via e-mail newsletter, comunicazioni commerciali e\/o materiale pubblicitario su prodotti o servizi del Titolare, ai quali \u00e8 possibile disiscriversi in qualsiasi momento scrivendo una mail a <b>iscrizione@dotart.it<\/b><\/li>\n<\/ul>\n<hr \/>\n<p><b>Modalit\u00e0 e tempistiche del trattamento<\/b><br \/>\nIl trattamento dei Vostri dati personali \u00e8 realizzato per mezzo delle operazioni indicate all\u2019art. 4 Codice Privacy e all\u2019art. 4 n. 2) GDPR e precisamente: raccolta, registrazione, organizzazione, conservazione, consultazione, elaborazione, modificazione, selezione, estrazione, raffronto, utilizzo, interconnessione, blocco, comunicazione, cancellazione e distruzione dei dati. I Vostri dati personali sono sottoposti a trattamento sia cartaceo (archivi) che elettronico e\/o automatizzato.<br \/>\nIl Titolare tratter\u00e0 i dati personali per il tempo necessario per adempiere alle finalit\u00e0 di cui sopra e comunque per non oltre 10 anni dalla cessazione del rapporto per le Finalit\u00e0 di Servizio e per non oltre 2 anni dalla raccolta dei dati per le Finalit\u00e0 di Marketing.<br \/>\n<b><\/b><\/p>\n<hr \/>\n<p><b>Accesso ai dati<\/b><br \/>\nI Vostri dati potranno essere resi accessibili per le finalit\u00e0 di cui all\u2019art. 2.A) e 2.B):<\/p>\n<ul>\n<li>a dipendenti e collaboratori del Titolare, nella loro qualit\u00e0 di incaricati e\/o responsabili interni del trattamento e\/o amministratori di sistema;<\/li>\n<li>a societ\u00e0 terze o altri soggetti (a titolo indicativo, provider sito web, provider servizio e-payment, fornitori, tecnici addetti all\u2019assistenza hardware e software, istituti di credito, studi professionali, etc.) che svolgono attivit\u00e0 in outsourcing per conto del Titolare, nella loro qualit\u00e0 di responsabili esterni del trattamento.<\/li>\n<\/ul>\n<hr \/>\n<p><b>Comunicazione dei dati<\/b><br \/>\nSenza il Vostro espresso consenso (ex art. 24 lett. a), b), d) Codice Privacy e art. 6 lett. b) e c) GDPR), il Titolare potr\u00e0 comunicare i Vostri dati per le finalit\u00e0 di cui all\u2019art. 2.A) a Organismi di vigilanza, Autorit\u00e0 giudiziarie ove obbligatorio per legge. I Vostri dati non saranno in alcun caso diffusi.<\/p>\n<hr \/>\n<p><b>Trasferimento dati<\/b><br \/>\nLa gestione e la conservazione dei dati personali avverr\u00e0 su server ubicati all\u2019interno dell\u2019Unione Europea. I dati non saranno oggetto di trasferimento al di fuori dell\u2019Unione Europea. Resta in ogni caso inteso che il Titolare, ove si rendesse necessario, avr\u00e0 facolt\u00e0 di spostare l\u2019ubicazione dei server in Italia e\/o Unione Europea e\/o Paesi extra-UE. In tal caso, il Titolare assicura sin d\u2019ora che il trasferimento dei dati extra-UE avverr\u00e0 in conformit\u00e0 alle disposizioni di legge applicabili stipulando, se necessario, accordi che garantiscano un livello di protezione adeguato e\/o adottando le clausole contrattuali standard previste dalla Commissione Europea.<br \/>\n<b><\/b><\/p>\n<hr \/>\n<p><b>Natura del conferimento dei dati e conseguenze del rifiuto di rispondere<\/b><br \/>\nIl conferimento dei dati per le finalit\u00e0 di cui all\u2019art. 2.A) \u00e8 obbligatorio. In loro assenza, non potremo fornirVi i Servizi dell\u2019art. 2.A).<br \/>\nIl conferimento dei dati per le finalit\u00e0 di cui all\u2019art. 2.B) \u00e8 invece facoltativo. Potete quindi decidere di non conferire alcun dato o di negare successivamente la possibilit\u00e0 di trattare dati gi\u00e0 forniti: in tal caso, non potrete ricevere newsletter, comunicazioni commerciali e materiale pubblicitario inerente ai prodotti, o servizi offerti dal Titolare. Continuerete comunque ad avere diritto ai Servizi di cui all\u2019art. 2.A).<br \/>\n<b><\/b><\/p>\n<hr \/>\n<p><b>Diritti dell\u2019interessato<\/b><br \/>\nNella Vostra qualit\u00e0 di interessati, avete i diritti di cui all\u2019art. 7 Codice Privacy e art. 15 GDPR e precisamente i diritti di:<\/p>\n<ul>\n<li>ottenere la conferma dell\u2019esistenza o meno di dati personali che Vi riguardano, anche se non ancora registrati, e la loro comunicazione in forma intelligibile;<\/li>\n<li>ottenere l\u2019indicazione: a) dell\u2019origine dei dati personali; b) delle finalit\u00e0 e modalit\u00e0 del trattamento; c) della logica applicata in caso di trattamento effettuato con l\u2019ausilio di strumenti elettronici; d) degli estremi identificativi del titolare, dei responsabili e del rappresentante designato ai sensi dell\u2019art. 5, comma 2 Codice Privacy e art. 3, comma 1, GDPR; e) dei soggetti o delle categorie di soggetti ai quali i dati personali possono essere comunicati o che possono venirne a conoscenza in qualit\u00e0 di rappresentante designato nel territorio dello Stato, di responsabili o incaricati;<\/li>\n<li>ottenere: a) l\u2019aggiornamento, la rettificazione ovvero, quando avete interesse, l\u2019integrazione dei dati; b) la cancellazione, la trasformazione in forma anonima o il blocco dei dati trattati in violazione di legge, compresi quelli di cui non \u00e8 necessaria la conservazione in relazione agli scopi per i quali i dati sono stati raccolti o successivamente trattati; c) l\u2019attestazione che le operazioni di cui alle lettere a) e b) sono state portate a conoscenza, anche per quanto riguarda il loro contenuto, di coloro ai quali i dati sono stati comunicati o diffusi, eccettuato il caso in cui tale adempimento si rivela impossibile o comporta un impiego di mezzi manifestamente sproporzionato rispetto al diritto tutelato;<\/li>\n<li>opporsi, in tutto o in parte: a) per motivi legittimi al trattamento dei dati personali che Vi riguardano, ancorch\u00e9 pertinenti allo scopo della raccolta; b) al trattamento di dati personali che Vi riguardano a fini di invio di materiale pubblicitario o di vendita diretta o per il compimento di ricerche di mercato o di comunicazione commerciale, mediante l\u2019uso di sistemi automatizzati di chiamata senza l\u2019intervento di un operatore mediante e-mail e\/o mediante modalit\u00e0 di marketing tradizionali mediante telefono e\/o posta cartacea. Si fa presente che il diritto di opposizione dell\u2019interessato, esposto al precedente punto b), per finalit\u00e0 di marketing diretto mediante modalit\u00e0 automatizzate si estende a quelle tradizionali e che comunque resta salva la possibilit\u00e0 per l\u2019interessato di esercitare il diritto di opposizione anche solo in parte. Pertanto, l\u2019interessato pu\u00f2 decidere di ricevere solo comunicazioni mediante modalit\u00e0 tradizionali ovvero solo comunicazioni automatizzate oppure nessuna delle due tipologie di comunicazione.<\/li>\n<\/ul>\n<p>Ove applicabili, avete altres\u00ec i diritti di cui agli artt. 16-21 GDPR (Diritto di rettifica, diritto all\u2019oblio, diritto di limitazione di trattamento, diritto alla portabilit\u00e0 dei dati contrattuali e grezzi di navigazione, diritto di opposizione), nonch\u00e9 il diritto di reclamo all\u2019Autorit\u00e0 Garante.<br \/>\n<b><\/b><\/p>\n<hr \/>\n<p><b>Modalit\u00e0 di esercizio dei diritti<\/b><br \/>\nPotrete in qualsiasi momento esercitare i diritti:<\/p>\n<ul>\n<li>inviando una raccomandata a.r. all\u2019indirizzo del Titolare;<\/li>\n<li>inviando una mail a <b>iscrizione@dotart.it<\/b>;<\/li>\n<li>telefonando al numero <b>0403720617.<\/b><\/li>\n<\/ul>\n<hr \/>\n<p><b>Titolare, responsabile e incaricati<\/b><br \/>\nIl Titolare del trattamento \u00e8 <b>URBAN Photo Awards<\/b>, con sede legale in <b>Via del Veltro 30,<\/b> <b>Trieste<\/b>. Il Responsabile interno \u00e8 <b>Stefano Ambroset<\/b>.<br \/>\nL\u2019elenco aggiornato dei responsabili e degli incaricati al trattamento \u00e8 custodito presso la sede del Titolare del trattamento.<br \/>\n<b><\/b><\/p>\n<hr \/>\n<p><b>Cookie Policy<\/b><br \/>\nI cookie sono piccoli file di testo che i siti internet visitati dagli utenti inviano ai loro terminali (solitamente al browser), dove vengono memorizzati per essere poi ritrasmessi agli stessi siti ad ogni successiva visita tramite il medesimo terminale.<br \/>\nInoltre, ogni sito pu\u00f2 consentire la trasmissione dei c.d. cookie di \u201cterze parti\u201d, cio\u00e9 quelli generati da siti internet diversi da quello che l\u2019utente sta visitando (attraverso oggetti in esso presenti quali banner, immagini, mappe, suoni, specifici link a pagine web di altri domini).<br \/>\nIn funzione della loro durata, si distinguono in cookie di sessione (cio\u00e9 quelli temporanei e cancellati automaticamente dal terminale al termine della sessione di navigazione, chiudendo il browser) ed in cookie persistenti (cio\u00e8 quelli che restano memorizzati sul terminale fino alla loro scadenza o cancellazione da parte dell\u2019utente).<br \/>\nI cookie hanno diverse finalit\u00e0. Sono in primo luogo utilizzati per la trasmissione della comunicazione o per fornire il servizio richiesto dall\u2019utente; pi\u00f9 precisamente permettono di abilitare ed ottimizzare il funzionamento del sito internet, eseguire autenticazioni informatiche e prevenire abusi, monitorare le sessioni, migliorare l\u2019esperienza di navigazione degli utenti, ad esempio mantenendo attiva la connessione ad aree riservate durante la navigazione attraverso le pagine del sito senza la necessita di reinserire User-Id e password e memorizzando informazioni specifiche riguardanti gli utenti stessi (tra cui le preferenze, il tipo di browser e di computer usato). I suddetti cookie sono detti \u201ctecnici\u201d (per il loro utilizzo non \u00e8 necessario il consenso dell\u2019utente), in quanto senza di essi alcune delle citate operazioni non potrebbero essere compiute o sarebbero pi\u00f9 complesse e\/o meno sicure.<br \/>\nDiversamente, se i cookie sono utilizzati per ulteriori finalit\u00e0, tipicamente per analisi del comportamento ed invio di messaggi promo-pubblicitari personalizzati (c.d. cookie di \u201cprofilazione\u201d) o anche solo per ottenere, per il tramite di servizi resi da terze parti, informazioni in forma aggregata sul numero degli utenti e su come questi visitano il sito (c.d. \u201canalytics cookie\u201d), \u00e8 necessario il consenso dell\u2019utente. Infatti, prima dell\u2019invio di questi cookie sul terminale, ai sensi della normativa vigente (Codice privacy e provvedimento generale del Garante dell\u20198 maggio 2014), al momento in cui si accede alla home page o altra pagina del sito, \u00e8 immediatamente mostrato in primo piano un banner con una prima informativa sintetica sull\u2019uso dei cookie e sulla raccolta del consenso, che l\u2019utente pu\u00f2 prestare proseguendo la navigazione tramite la selezione di un elemento sottostante al banner o chiudendo il banner stesso. In ogni caso, i cookie possono essere letti o modificati solo dal sito internet che li ha generati; non possono essere utilizzati per richiamare nessun dato dal terminale dell\u2019utente e non possono trasmettere virus informatici. Alcune delle funzioni dei cookie possono essere svolte anche da altre tecnologie; pertanto, nel contesto della presente web privacy policy, con il termine \u201ccookie\u201d si vuol far riferimento ai cookie ed a tutte le tecnologie similari. Questo Sito pu\u00f2 utilizzare cookie di sessione e cookie persistenti.<br \/>\nLe tipologie di cookie direttamente generati da questo Sito sono:<br \/>\n<b><\/b><\/p>\n<hr \/>\n<p><b>Cookie \u201ctecnici\u201d<\/b>, utilizzati per:<\/p>\n<ul>\n<li>l\u2019autenticazione e la gestione di una sessione di navigazione (ad esempio, per identificare e validare l\u2019utente per l\u2019accesso all\u2019Area Riservata);<\/li>\n<li>finalit\u00e0 di sicurezza (es. per tener conto dei numero di login falliti identificando possibili abusi nell\u2019autenticazione e prevenendo frodi);<\/li>\n<li>la personalizzazione dell\u2019interfaccia utente (es. per registrare le preferenze espresse dall\u2019utente quali la lingua, valuta, il formato di visualizzazione della pagina, l\u2019area di connessione);<\/li>\n<li>una migliore fruibilit\u00e0 del sito e dei suoi contenuti audio-visivi (es. tramite l\u2019esecuzione di programmi di tipo flash player);<\/li>\n<li>il corretto funzionamento della connessione (es. indirizzando tra pi\u00f9 server in modo appropriato le richieste dell\u2019utente).<\/li>\n<\/ul>\n<hr \/>\n<p><b>Cookie di \u201cterze parti\u201d: <\/b>questo Sito consente altres\u00ec la trasmissione al terminale dell\u2019utente di cookie di terze parti, con le quali <b>URBAN Photo Awards<\/b> collabora. <b>URBAN Photo Awards <\/b>si limita, in qualit\u00e0 di intermediario tecnico, ad inviare tali cookie, ma non ne gestisce l\u2019operativit\u00e0 (non ha pertanto il controllo ed accesso alle informazioni fornite\/acquisite) in quanto il loro funzionamento \u00e8 nella responsabilit\u00e0 delle terze parti. Per questi cookie, \u00e8 possibile accedere all\u2019informativa ed ai moduli di acquisizione del consenso delle terze parti, cliccando sui link sotto riportati.<br \/>\nLe terze parti sono:<\/p>\n<p>a) soggetti dei cui servizi <b>URBAN Photo Awards <\/b>si avvale per raccogliere informazioni aggregate\/statistiche sugli utenti che visitano questo Sito. \u00c8 infatti utilizzato il servizio google.com\/analytics fornito dalla societ\u00e0 Google Inc.<\/p>\n<p>b) cookie \u201ctecnici\u201d, utilizzati per l\u2019autenticazione e la gestione di una sessione di navigazione (ad esempio, per identificare e validare l\u2019utente per l\u2019accesso all\u2019Area Riservata); E\u2019 infatti utilizzato il servizio WordPress fornito dalla societ\u00e0 WordPress Foundation.<br \/>\n<b><\/b><\/p>\n<p>c) Analisi, pubblicit\u00e0 e funzionalit\u00e0 social di Facebook. Utilizziamo le tecnologie di Facebook per personalizzare i contenuti e la pubblicit\u00e0, per fornire funzionalit\u00e0 dei social media e per analizzare il traffico verso il nostro sito web.<\/p>\n<hr \/>\n<p><b>Gestione delle scelte sui cookie<\/b><br \/>\nI cookie possono essere gestiti dall\u2019utente attraverso il proprio browser. L\u2019utente pu\u00f2 gestire le proprie preferenze relative ai cookie attraverso le funzionalit\u00e0 presenti nei comuni browser (Internet Explorer, Mozilla Firefox, Google Crome, Apple Safari), che consentono di cancellare\/rimuovere i cookie (tutti o alcuni) o di cambiare le impostazioni del browser stesso in modo bloccare l\u2019invio dei cookie o di limitarlo a siti specifici (rispetto ad altri). E\u2019 possibile conoscere le modalit\u00e0 con cui configurare le impostazione dei browser (di norma accessibili dalla barra \u201cStrumenti\u201d) andando sulle pagine web di \u201cSupporto\u201d dei fornitori dei suddetti browser (individuabili anche tramite un comune motore di ricerca). La disabilitazione dei cookie non preclude di per s\u00e9 l\u2019utilizzo dei servizi del Sito internet; se per\u00f2 vengono cancellati\/bloccati tutti i cookie, inclusi quelli tecnici, alcune operazioni non potrebbero essere compiute o sarebbero pi\u00f9 complesse e\/o meno sicure, come ad esempio, per l\u2019esecuzione di attivit\u00e0 all\u2019interno di Aree Riservate del Sito (i cookie consentono infatti di effettuare e mantenere l\u2019identificazione dell\u2019utente nell\u2019ambito della sessione).<\/p>\n<hr \/>\n<p><strong>Facebook Login<\/strong><br \/>\nPer partecipare al concorso \u00e8 possibile accedere alla nostra area utente my.urbanphotoawards.com utilizzando servizi di accesso come Facebook Connect. Questi servizi autenticheranno la tua identit\u00e0 e ti daranno la possibilit\u00e0 di condividere con noi alcune informazioni personali come il tuo nome e indirizzo e-mail per precompilare il nostro modulo di iscrizione. Servizi come Facebook Connect ti danno la possibilit\u00e0 di pubblicare informazioni sulle tue attivit\u00e0 su questo sito Web nella pagina del tuo profilo per condividerle con altri all&#8217;interno della tua rete.<\/p>\n<p>Informazioni fornite con Facebook Connect:<\/p>\n<ul>\n<li>Informazione personale. Ad esempio, nome, indirizzo e-mail, numero di telefono, collegamenti al profilo social e altri dettagli di contatto. I dati raccolti non saranno ceduti a terzi e saranno utilizzati esclusivamente nell&#8217;ambito delle comunicazioni relative al concorso. <strong>Puoi chiederci di cancellare i tuoi dati personali scrivendoci <a href=\"https:\/\/www.urbanphotoawards.com\/deletedata\">qui<\/a>.<\/strong><\/li>\n<\/ul>\n<\/div><\/div>","protected":false},"excerpt":{"rendered":"Informativa per il trattamento dei dati personali e cookie policy URBAN Photo Awards, promosso dall&#8217;associazione culturale dotART, con sede legale in Via del Veltro 30, Trieste, Codice fiscale 90125960329, in qualit\u00e0 di Titolare del trattamento (in seguito, \u201cTitolare\u201d), Vi informa ai sensi dell\u2019art. 13 D.Lgs. [...]","protected":false},"author":1,"featured_media":0,"parent":0,"menu_order":392,"comment_status":"closed","ping_status":"closed","template":"","meta":[],"acf":[],"_links":{"self":[{"href":"https:\/\/www.urbanphotoawards.com\/it\/wp-json\/wp\/v2\/pages\/367"}],"collection":[{"href":"https:\/\/www.urbanphotoawards.com\/it\/wp-json\/wp\/v2\/pages"}],"about":[{"href":"https:\/\/www.urbanphotoawards.com\/it\/wp-json\/wp\/v2\/types\/page"}],"author":[{"embeddable":true,"href":"https:\/\/www.urbanphotoawards.com\/it\/wp-json\/wp\/v2\/users\/1"}],"replies":[{"embeddable":true,"href":"https:\/\/www.urbanphotoawards.com\/it\/wp-json\/wp\/v2\/comments?post=367"}],"version-history":[{"count":18,"href":"https:\/\/www.urbanphotoawards.com\/it\/wp-json\/wp\/v2\/pages\/367\/revisions"}],"predecessor-version":[{"id":23577,"href":"https:\/\/www.urbanphotoawards.com\/it\/wp-json\/wp\/v2\/pages\/367\/revisions\/23577"}],"wp:attachment":[{"href":"https:\/\/www.urbanphotoawards.com\/it\/wp-json\/wp\/v2\/media?parent=367"}],"curies":[{"name":"wp","href":"https:\/\/api.w.org\/{rel}","templated":true}]}}