{"id":34941,"date":"2024-10-25T17:47:27","date_gmt":"2024-10-25T15:47:27","guid":{"rendered":"https:\/\/www.urbanphotoawards.com\/?page_id=34941"},"modified":"2024-10-27T13:45:21","modified_gmt":"2024-10-27T12:45:21","slug":"press-award","status":"publish","type":"page","link":"https:\/\/www.urbanphotoawards.com\/it\/winners-2024\/press-award\/","title":{"rendered":"Vincitori 2024 \/ URBAN Press Award"},"content":{"rendered":"<div id=\"mega-menu-wrap-max_mega_menu_32\" class=\"mega-menu-wrap\"><div class=\"mega-menu-toggle\"><div class=\"mega-toggle-blocks-left\"><\/div><div class=\"mega-toggle-blocks-center\"><div class='mega-toggle-block mega-menu-toggle-animated-block mega-toggle-block-1' id='mega-toggle-block-1'><button aria-label=\"\" class=\"mega-toggle-animated mega-toggle-animated-slider\" type=\"button\" aria-expanded=\"false\">\n                  <span class=\"mega-toggle-animated-box\">\n                    <span class=\"mega-toggle-animated-inner\"><\/span>\n                  <\/span>\n                <\/button><\/div><\/div><div class=\"mega-toggle-blocks-right\"><\/div><\/div><ul id=\"mega-menu-max_mega_menu_32\" class=\"mega-menu max-mega-menu mega-menu-horizontal mega-no-js\" data-event=\"hover_intent\" data-effect=\"fade_up\" data-effect-speed=\"200\" data-effect-mobile=\"disabled\" data-effect-speed-mobile=\"0\" data-mobile-force-width=\"false\" data-second-click=\"go\" data-document-click=\"collapse\" data-vertical-behaviour=\"standard\" data-breakpoint=\"768\" data-unbind=\"true\" data-mobile-state=\"collapse_all\" data-hover-intent-timeout=\"300\" data-hover-intent-interval=\"100\"><li class='mega-menu-item mega-menu-item-type-custom mega-menu-item-object-custom mega-align-bottom-left mega-menu-flyout mega-menu-item-34983' id='mega-menu-item-34983'><a class=\"mega-menu-link\" href=\"https:\/\/www.urbanphotoawards.com\/it\/winners-2024\/single-pictures\/\" tabindex=\"0\">FOTO SINGOLE<\/a><\/li><li class='mega-menu-item mega-menu-item-type-custom mega-menu-item-object-custom mega-align-bottom-left mega-menu-flyout mega-menu-item-34984' id='mega-menu-item-34984'><a class=\"mega-menu-link\" href=\"https:\/\/www.urbanphotoawards.com\/it\/winners-2024\/projects\/\" tabindex=\"0\">PROJECTS & PORTFOLIOS<\/a><\/li><li class='mega-menu-item mega-menu-item-type-custom mega-menu-item-object-custom mega-align-bottom-left mega-menu-flyout mega-menu-item-34985' id='mega-menu-item-34985'><a class=\"mega-menu-link\" href=\"https:\/\/www.urbanphotoawards.com\/it\/winners-2024\/books\/\" tabindex=\"0\">URBAN BOOK AWARD<\/a><\/li><li class='mega-menu-item mega-menu-item-type-custom mega-menu-item-object-custom mega-align-bottom-left mega-menu-flyout mega-menu-item-35339' id='mega-menu-item-35339'><a class=\"mega-menu-link\" href=\"https:\/\/www.urbanphotoawards.com\/it\/nadia-marmondi-is-the-first-ever-urban-zine-award-winner\/\" tabindex=\"0\">URBAN Zine Award<\/a><\/li><li class='mega-menu-item mega-menu-item-type-custom mega-menu-item-object-custom mega-align-bottom-left mega-menu-flyout mega-menu-item-34986' id='mega-menu-item-34986'><a class=\"mega-menu-link\" href=\"https:\/\/www.urbanphotoawards.com\/it\/winners-2024\/press-award\/\" tabindex=\"0\">URBAN PRESS AWARD<\/a><\/li><li class='mega-menu-item mega-menu-item-type-custom mega-menu-item-object-custom mega-align-bottom-left mega-menu-flyout mega-menu-item-34987' id='mega-menu-item-34987'><a class=\"mega-menu-link\" href=\"https:\/\/www.urbanphotoawards.com\/it\/winners-2024\/young\/\" tabindex=\"0\">URBAN Photo Arena<\/a><\/li><li class='mega-menu-item mega-menu-item-type-custom mega-menu-item-object-custom mega-menu-item-has-children mega-align-bottom-left mega-menu-flyout mega-menu-item-34988' id='mega-menu-item-34988'><a class=\"mega-menu-link\" href=\"#\" aria-haspopup=\"true\" aria-expanded=\"false\" tabindex=\"0\" target=\"_blank\" rel=\"nofollow\">Premi speciali<span class=\"mega-indicator\"><\/span><\/a>\n<ul class=\"mega-sub-menu\">\n<li class='mega-menu-item mega-menu-item-type-custom mega-menu-item-object-custom mega-menu-item-34989' id='mega-menu-item-34989'><a class=\"mega-menu-link\" href=\"https:\/\/www.urbanphotoawards.com\/it\/documenting-youth-and-change-ekaterina-frolova-wins-the-patricia-d-richards-legacy-award\/\">Premio speciale \"Patricia D. Richards Legacy Award\"<\/a><\/li><li class='mega-menu-item mega-menu-item-type-custom mega-menu-item-object-custom mega-menu-item-34990' id='mega-menu-item-34990'><a class=\"mega-menu-link\" href=\"https:\/\/www.urbanphotoawards.com\/it\/preserving-memory-throught-the-lens-mauro-zorers-project-wins-prestigious-civic-museums-prize\/\">Premio Speciale \"Civici Musei di Trieste\"<\/a><\/li><li class='mega-menu-item mega-menu-item-type-custom mega-menu-item-object-custom mega-menu-item-35345' id='mega-menu-item-35345'><a class=\"mega-menu-link\" href=\"https:\/\/www.urbanphotoawards.com\/it\/winners-2024\/artistic-sensitivity\/\">Premio alla Sensitivita Artistica di Giorgio Celiberti<\/a><\/li><\/ul>\n<\/li><\/ul><\/div>\n<div class=\"su-note\"  style=\"border-color:#e5e5e5;border-radius:3px;-moz-border-radius:3px;-webkit-border-radius:3px;\"><div class=\"su-note-inner su-u-clearfix su-u-trim\" style=\"background-color:#ffffff;border-color:#ffffff;color:#333333;border-radius:3px;-moz-border-radius:3px;-webkit-border-radius:3px;\"><div class=\"su-row\"><div class=\"su-column su-column-size-1-3\"><div class=\"su-column-inner su-u-clearfix su-u-trim\">\n<p><img loading=\"lazy\" class=\"alignnone size-full wp-image-35032\" src=\"https:\/\/www.urbanphotoawards.com\/wp-content\/uploads\/2024\/10\/max-cavallari.jpg\" alt=\"\" width=\"957\" height=\"957\" srcset=\"https:\/\/www.urbanphotoawards.com\/wp-content\/uploads\/2024\/10\/max-cavallari.jpg 957w, https:\/\/www.urbanphotoawards.com\/wp-content\/uploads\/2024\/10\/max-cavallari-300x300.jpg 300w, https:\/\/www.urbanphotoawards.com\/wp-content\/uploads\/2024\/10\/max-cavallari-150x150.jpg 150w, https:\/\/www.urbanphotoawards.com\/wp-content\/uploads\/2024\/10\/max-cavallari-550x550.jpg 550w\" sizes=\"(max-width: 957px) 100vw, 957px\" \/><br \/>\n<\/div><\/div><div class=\"su-column su-column-size-2-3\"><div class=\"su-column-inner su-u-clearfix su-u-trim\">\n<p>Max Cavallari (1989) \u00e8 un fotografo documentarista con sede a Bologna, Italia. Il suo lavoro con Getty Images e ANSA, insieme alle collaborazioni con diverse pubblicazioni italiane e internazionali, si concentra su migrazione, tecnologia e questioni ambientali. La fotografia di Cavallari esplora la complessa relazione tra le persone e i loro ambienti, mirando a far luce su questioni globali urgenti.<\/p>\n<p>Scopri di pi\u00f9 su Max Cavallari e il suo lavoro impattante sul suo <a href=\"https:\/\/www.maxcavallari.it\/\" target=\"_blank\" rel=\"noopener nofollow\">sito web<\/a> e seguilo su Instagram <a href=\"https:\/\/www.instagram.com\/max_cavallari\/\" target=\"_blank\" rel=\"nofollow\">@max_cavallari<\/a>.<\/p>\n<\/div><\/div><\/div><\/div><\/div>\n<div class=\"su-note\"  style=\"border-color:#e5e5e5;border-radius:3px;-moz-border-radius:3px;-webkit-border-radius:3px;\"><div class=\"su-note-inner su-u-clearfix su-u-trim\" style=\"background-color:#ffffff;border-color:#ffffff;color:#333333;border-radius:3px;-moz-border-radius:3px;-webkit-border-radius:3px;\">\n<p style=\"text-align: center;\"><strong>Il progetto vincitore &#8211; <em>Drowned Choice<\/em><\/strong><\/p>\n<div class=\"rgg-container\" data-rgg-id=\"2\">    <div class=\"rgg-imagegrid captions-overlay-hover-show captions-effect-slide_up \" data-rgg-id=\"2\">\n                    <a href=\"https:\/\/www.urbanphotoawards.com\/wp-content\/uploads\/2024\/09\/001-186897-max-cavallari-untitled.jpg\" data-rel=\"rgglightbox-gallery-1\" rel=\"rgg\"  class=\"rgg-disabled size-large rgg-img rl-gallery-link\"  data-src=\"https:\/\/www.urbanphotoawards.com\/wp-content\/uploads\/2024\/09\/001-186897-max-cavallari-untitled-1024x683.jpg\" data-ratio=\"1.4992679355783\" data-height=\"683\" data-width=\"1024\" aria-label=\"\" title=\"\" data-rl_title=\"\" data-rl_caption=\"\">\n                            <\/a>\n                    <a href=\"https:\/\/www.urbanphotoawards.com\/wp-content\/uploads\/2024\/09\/002-186893-max-cavallari-untitled-cover.jpg\" data-rel=\"rgglightbox-gallery-1\" rel=\"rgg\"  class=\"rgg-disabled size-large rgg-img rl-gallery-link\"  data-src=\"https:\/\/www.urbanphotoawards.com\/wp-content\/uploads\/2024\/09\/002-186893-max-cavallari-untitled-cover-1024x731.jpg\" data-ratio=\"1.4008207934337\" data-height=\"731\" data-width=\"1024\" aria-label=\"\" title=\"\" data-rl_title=\"\" data-rl_caption=\"\">\n                            <\/a>\n                    <a href=\"https:\/\/www.urbanphotoawards.com\/wp-content\/uploads\/2024\/09\/003-186903-max-cavallari-untitled.jpg\" data-rel=\"rgglightbox-gallery-1\" rel=\"rgg\"  class=\"rgg-disabled size-large rgg-img rl-gallery-link\"  data-src=\"https:\/\/www.urbanphotoawards.com\/wp-content\/uploads\/2024\/09\/003-186903-max-cavallari-untitled-1024x731.jpg\" data-ratio=\"1.4008207934337\" data-height=\"731\" data-width=\"1024\" aria-label=\"\" title=\"\" data-rl_title=\"\" data-rl_caption=\"\">\n                            <\/a>\n                    <a href=\"https:\/\/www.urbanphotoawards.com\/wp-content\/uploads\/2024\/09\/006-186902-max-cavallari-untitled.jpg\" data-rel=\"rgglightbox-gallery-1\" rel=\"rgg\"  class=\"rgg-disabled size-large rgg-img rl-gallery-link\"  data-src=\"https:\/\/www.urbanphotoawards.com\/wp-content\/uploads\/2024\/09\/006-186902-max-cavallari-untitled-1024x683.jpg\" data-ratio=\"1.4992679355783\" data-height=\"683\" data-width=\"1024\" aria-label=\"\" title=\"\" data-rl_title=\"\" data-rl_caption=\"\">\n                            <\/a>\n                    <a href=\"https:\/\/www.urbanphotoawards.com\/wp-content\/uploads\/2024\/09\/007-186898-max-cavallari-untitled.jpg\" data-rel=\"rgglightbox-gallery-1\" rel=\"rgg\"  class=\"rgg-disabled size-large rgg-img rl-gallery-link\"  data-src=\"https:\/\/www.urbanphotoawards.com\/wp-content\/uploads\/2024\/09\/007-186898-max-cavallari-untitled-1024x683.jpg\" data-ratio=\"1.4992679355783\" data-height=\"683\" data-width=\"1024\" aria-label=\"\" title=\"\" data-rl_title=\"\" data-rl_caption=\"\">\n                            <\/a>\n                    <a href=\"https:\/\/www.urbanphotoawards.com\/wp-content\/uploads\/2024\/09\/008-186895-max-cavallari-untitled.jpg\" data-rel=\"rgglightbox-gallery-1\" rel=\"rgg\"  class=\"rgg-disabled size-large rgg-img rl-gallery-link\"  data-src=\"https:\/\/www.urbanphotoawards.com\/wp-content\/uploads\/2024\/09\/008-186895-max-cavallari-untitled-1024x731.jpg\" data-ratio=\"1.4008207934337\" data-height=\"731\" data-width=\"1024\" aria-label=\"\" title=\"\" data-rl_title=\"\" data-rl_caption=\"\">\n                            <\/a>\n                    <a href=\"https:\/\/www.urbanphotoawards.com\/wp-content\/uploads\/2024\/09\/009-186904-max-cavallari-untitled.jpg\" data-rel=\"rgglightbox-gallery-1\" rel=\"rgg\"  class=\"rgg-disabled size-large rgg-img rl-gallery-link\"  data-src=\"https:\/\/www.urbanphotoawards.com\/wp-content\/uploads\/2024\/09\/009-186904-max-cavallari-untitled-1024x683.jpg\" data-ratio=\"1.4992679355783\" data-height=\"683\" data-width=\"1024\" aria-label=\"\" title=\"\" data-rl_title=\"\" data-rl_caption=\"\">\n                            <\/a>\n                    <a href=\"https:\/\/www.urbanphotoawards.com\/wp-content\/uploads\/2024\/09\/010-186899-max-cavallari-untitled.jpg\" data-rel=\"rgglightbox-gallery-1\" rel=\"rgg\"  class=\"rgg-disabled size-large rgg-img rl-gallery-link\"  data-src=\"https:\/\/www.urbanphotoawards.com\/wp-content\/uploads\/2024\/09\/010-186899-max-cavallari-untitled-1024x731.jpg\" data-ratio=\"1.4008207934337\" data-height=\"731\" data-width=\"1024\" aria-label=\"\" title=\"\" data-rl_title=\"\" data-rl_caption=\"\">\n                            <\/a>\n            <\/div>\n<\/div>\n<p><em>&#8220;Nel maggio 2023, la regione Emilia Romagna \u00e8 stata colpita dall&#8217;inondazione pi\u00f9 estesa che il nostro paese abbia mai conosciuto. In pochi giorni, un&#8217;area di decine di chilometri quadrati si \u00e8 trovata sommersa da metri di acqua. Molti paesi si sono ritrovati con canali d&#8217;acqua al posto delle strade, laghi al posto delle piazze, piscine al posto di scantinati e garage. I danni sono ancora incalcolabili; dopo un anno si possono ancora vedere i segni che l&#8217;inondazione ha lasciato in quei territori. Un intero paesaggio che \u00e8 stato completamente cambiato nella sua struttura urbana e nei complessi sistemi sociali dei paesi in cui siamo abituati a vivere. I cambiamenti climatici e la trascuratezza del territorio sono stati i fattori principali che hanno permesso a questa tragedia di verificarsi, entrambi riconducibili esclusivamente a una causa: l&#8217;essere umano e la sua arroganza di essere superiore all&#8217;ambiente che lo circonda, che lo porta a fare scelte sbagliate ogni volta.&#8221;<\/em><\/p>\n<\/div><\/div>\n<div class=\"su-note\"  style=\"border-color:#e5e5e5;border-radius:3px;-moz-border-radius:3px;-webkit-border-radius:3px;\"><div class=\"su-note-inner su-u-clearfix su-u-trim\" style=\"background-color:#ffffff;border-color:#ffffff;color:#333333;border-radius:3px;-moz-border-radius:3px;-webkit-border-radius:3px;\">\n<h3 style=\"text-align: justify;\"><strong>Premi e Mostre Recenti<\/strong><\/h3>\n<ul>\n<li><strong>2024:<\/strong> Mostra al VISA Pour L\u2019Image, Perpignan; Mostra al Gisira Festival, Siracusa; Menzione d\u2019onore ai Best Photography Awards; Mostra presso la sede dell\u2019UNESCO, Parigi; Selezionato ai Perimetro Awards.<\/li>\n<li><strong>2023:<\/strong> Selezionato al Bartur Photo Award; Selezionato al Festival Fotografia Etica; Menzione d\u2019onore ai Best Photography Awards; Primo premio al World Water Day Photo Contest.<\/li>\n<li><strong>2022:<\/strong> Primo premio all\u2019Igers Italia; Bronzo al reFocus Award; Mostre con LIFE FRAMER e COVIDIARES.<\/li>\n<li><strong>2021:<\/strong> Assegnazione Sauti Mpya in Tanzania; Mostre collettive al Photolux-Fest e ARCIPELAGO-19; Menzione d\u2019onore all\u2019IPA 2021.<\/li>\n<li><strong>2020:<\/strong> Secondo premio ai LIFE FRAMERS; Editor\u2019s Pick per il premio HUMANS OF THE WORLD; Menzione d\u2019onore al Bartur Photo Award.<\/li>\n<\/ul>\n<\/div><\/div>\n<div class=\"su-note\"  style=\"border-color:#e5e5e5;border-radius:3px;-moz-border-radius:3px;-webkit-border-radius:3px;\"><div class=\"su-note-inner su-u-clearfix su-u-trim\" style=\"background-color:#ffffff;border-color:#ffffff;color:#333333;border-radius:3px;-moz-border-radius:3px;-webkit-border-radius:3px;\">\n<h3 style=\"text-align: justify;\"><strong>Giuria URBAN Press Award 2024<\/strong><\/h3>\n<p>La selezione per l&#8217;URBAN Press Award di quest\u2019anno \u00e8 stata effettuata da un prestigioso comitato di esperti del settore dell&#8217;editoria fotografica. Esprimiamo la nostra sincera gratitudine ai membri della giuria:<\/p>\n<ul>\n<li><strong>Arthur Dayras<\/strong> \u2013 Responsabile delle partnership presso la rivista <strong><a href=\"https:\/\/loeildelaphotographie.com\/en\/\" target=\"_blank\" rel=\"nofollow noopener\">The Eye of Photography<\/a><\/strong><\/li>\n<li><strong>Emanuele Costanzo<\/strong> \u2013 Fondatore e Direttore Responsabile di <strong><a href=\"https:\/\/fotocult.it\/\" target=\"_blank\" rel=\"nofollow noopener\">FOTO Cult<\/a><\/strong><\/li>\n<li><strong>Federica Berzioli<\/strong> \u2013 Coordinatrice editoriale de <strong><a href=\"https:\/\/ilfotografo.it\/\" target=\"_blank\" rel=\"nofollow noopener\">Il Fotografo<\/a><\/strong><\/li>\n<li><strong>Merel Galestian<\/strong> \u2013 CEO e co-fondatrice di <strong><a href=\"https:\/\/www.artdoc.photo\/\" target=\"_blank\" rel=\"nofollow noopener\">ARTDOC<\/a><\/strong> Photography<\/li>\n<li><strong>Michael Kirchoff<\/strong> \u2013 Fotografo e caporedattore della rivista <strong><a href=\"https:\/\/www.analogforevermagazine.com\/\" target=\"_blank\" rel=\"nofollow noopener\">Analog Forever Magazine<\/a><\/strong><\/li>\n<li><strong>Philippe Litzler<\/strong> \u2013 Caporedattore di <strong><a href=\"https:\/\/openeyelemagazine.fr\/\" target=\"_blank\" rel=\"nofollow noopener\">OpenEye<\/a><\/strong><\/li>\n<\/ul>\n<\/div><\/div>","protected":false},"excerpt":{"rendered":"FOTO SINGOLEPROJECTS & PORTFOLIOSURBAN BOOK AWARDURBAN Zine AwardURBAN PRESS AWARDURBAN Photo ArenaPremi speciali Premio speciale \"Patricia D. Richards Legacy Award\"Premio Speciale \"Civici Musei di Trieste\"Premio alla Sensitivita Artistica di Giorgio Celiberti Max Cavallari (1989) \u00e8 un fotografo documentarista con sede a Bologna, Italia. Il suo [...]","protected":false},"author":1,"featured_media":29174,"parent":34931,"menu_order":16,"comment_status":"closed","ping_status":"closed","template":"","meta":[],"acf":[],"_links":{"self":[{"href":"https:\/\/www.urbanphotoawards.com\/it\/wp-json\/wp\/v2\/pages\/34941"}],"collection":[{"href":"https:\/\/www.urbanphotoawards.com\/it\/wp-json\/wp\/v2\/pages"}],"about":[{"href":"https:\/\/www.urbanphotoawards.com\/it\/wp-json\/wp\/v2\/types\/page"}],"author":[{"embeddable":true,"href":"https:\/\/www.urbanphotoawards.com\/it\/wp-json\/wp\/v2\/users\/1"}],"replies":[{"embeddable":true,"href":"https:\/\/www.urbanphotoawards.com\/it\/wp-json\/wp\/v2\/comments?post=34941"}],"version-history":[{"count":6,"href":"https:\/\/www.urbanphotoawards.com\/it\/wp-json\/wp\/v2\/pages\/34941\/revisions"}],"predecessor-version":[{"id":35034,"href":"https:\/\/www.urbanphotoawards.com\/it\/wp-json\/wp\/v2\/pages\/34941\/revisions\/35034"}],"up":[{"embeddable":true,"href":"https:\/\/www.urbanphotoawards.com\/it\/wp-json\/wp\/v2\/pages\/34931"}],"wp:featuredmedia":[{"embeddable":true,"href":"https:\/\/www.urbanphotoawards.com\/it\/wp-json\/wp\/v2\/media\/29174"}],"wp:attachment":[{"href":"https:\/\/www.urbanphotoawards.com\/it\/wp-json\/wp\/v2\/media?parent=34941"}],"curies":[{"name":"wp","href":"https:\/\/api.w.org\/{rel}","templated":true}]}}