{"id":30439,"date":"2023-10-29T16:41:14","date_gmt":"2023-10-29T15:41:14","guid":{"rendered":"https:\/\/www.urbanphotoawards.com\/?page_id=30439"},"modified":"2023-10-31T12:08:25","modified_gmt":"2023-10-31T11:08:25","slug":"books","status":"publish","type":"page","link":"https:\/\/www.urbanphotoawards.com\/it\/winners-2023\/books\/","title":{"rendered":"Vincitori 2023: URBAN BOOK AWARD"},"content":{"rendered":"<div id=\"mega-menu-wrap-max_mega_menu_27\" class=\"mega-menu-wrap\"><div class=\"mega-menu-toggle\"><div class=\"mega-toggle-blocks-left\"><\/div><div class=\"mega-toggle-blocks-center\"><div class='mega-toggle-block mega-menu-toggle-animated-block mega-toggle-block-1' id='mega-toggle-block-1'><button aria-label=\"\" class=\"mega-toggle-animated mega-toggle-animated-slider\" type=\"button\" aria-expanded=\"false\">\n                  <span class=\"mega-toggle-animated-box\">\n                    <span class=\"mega-toggle-animated-inner\"><\/span>\n                  <\/span>\n                <\/button><\/div><\/div><div class=\"mega-toggle-blocks-right\"><\/div><\/div><ul id=\"mega-menu-max_mega_menu_27\" class=\"mega-menu max-mega-menu mega-menu-horizontal mega-no-js\" data-event=\"hover_intent\" data-effect=\"fade_up\" data-effect-speed=\"200\" data-effect-mobile=\"disabled\" data-effect-speed-mobile=\"0\" data-mobile-force-width=\"false\" data-second-click=\"go\" data-document-click=\"collapse\" data-vertical-behaviour=\"standard\" data-breakpoint=\"768\" data-unbind=\"true\" data-mobile-state=\"collapse_all\" data-hover-intent-timeout=\"300\" data-hover-intent-interval=\"100\"><li class='mega-menu-item mega-menu-item-type-post_type mega-menu-item-object-page mega-align-bottom-left mega-menu-flyout mega-menu-item-30495' id='mega-menu-item-30495'><a class=\"mega-menu-link\" href=\"https:\/\/www.urbanphotoawards.com\/it\/winners-2023\/single-pictures\/\" tabindex=\"0\">FOTO SINGOLE<\/a><\/li><li class='mega-menu-item mega-menu-item-type-post_type mega-menu-item-object-page mega-align-bottom-left mega-menu-flyout mega-menu-item-30494' id='mega-menu-item-30494'><a class=\"mega-menu-link\" href=\"https:\/\/www.urbanphotoawards.com\/it\/winners-2023\/projects\/\" tabindex=\"0\">PROJECTS & PORTFOLIOS<\/a><\/li><li class='mega-menu-item mega-menu-item-type-post_type mega-menu-item-object-page mega-align-bottom-left mega-menu-flyout mega-menu-item-30493' id='mega-menu-item-30493'><a class=\"mega-menu-link\" href=\"https:\/\/www.urbanphotoawards.com\/it\/winners-2023\/books\/\" tabindex=\"0\">URBAN BOOK AWARD<\/a><\/li><li class='mega-menu-item mega-menu-item-type-post_type mega-menu-item-object-page mega-align-bottom-left mega-menu-flyout mega-menu-item-30571' id='mega-menu-item-30571'><a class=\"mega-menu-link\" href=\"https:\/\/www.urbanphotoawards.com\/it\/winners-2023\/press-award\/\" tabindex=\"0\">URBAN PRESS AWARD<\/a><\/li><li class='mega-menu-item mega-menu-item-type-post_type mega-menu-item-object-page mega-align-bottom-left mega-menu-flyout mega-menu-item-30492' id='mega-menu-item-30492'><a class=\"mega-menu-link\" href=\"https:\/\/www.urbanphotoawards.com\/it\/winners-2023\/young\/\" tabindex=\"0\">URBAN PHOTO ARENA<\/a><\/li><li class='mega-menu-item mega-menu-item-type-custom mega-menu-item-object-custom mega-menu-item-has-children mega-align-bottom-left mega-menu-flyout mega-menu-item-30487' id='mega-menu-item-30487'><a class=\"mega-menu-link\" aria-haspopup=\"true\" aria-expanded=\"false\" tabindex=\"0\">Premi speciali<span class=\"mega-indicator\"><\/span><\/a>\n<ul class=\"mega-sub-menu\">\n<li class='mega-menu-item mega-menu-item-type-post_type mega-menu-item-object-post mega-menu-item-30496' id='mega-menu-item-30496'><a class=\"mega-menu-link\" href=\"https:\/\/www.urbanphotoawards.com\/it\/urban-2023-martin-wacker-wins-the-icons-of-architecture-special-prize\/\">Icons of Architecture<\/a><\/li><li class='mega-menu-item mega-menu-item-type-post_type mega-menu-item-object-post mega-menu-item-30497' id='mega-menu-item-30497'><a class=\"mega-menu-link\" href=\"https:\/\/www.urbanphotoawards.com\/it\/here-are-the-four-winning-projects-for-the-exhibition-prize-at-the-civic-museum-sartorio-in-trieste\/\">Premio \"Civici Musei di Trieste\"<\/a><\/li><li class='mega-menu-item mega-menu-item-type-post_type mega-menu-item-object-post mega-menu-item-30498' id='mega-menu-item-30498'><a class=\"mega-menu-link\" href=\"https:\/\/www.urbanphotoawards.com\/it\/urban-2023-rinella-projects-win-exhibition-prize-at-porec-museum\/\">Premio \"Museo di Parenzo\"<\/a><\/li><\/ul>\n<\/li><\/ul><\/div>\n<div class=\"su-note\"  style=\"border-color:#e56800;border-radius:3px;-moz-border-radius:3px;-webkit-border-radius:3px;\"><div class=\"su-note-inner su-u-clearfix su-u-trim\" style=\"background-color:#ff8207;border-color:#ffffd3;color:#333333;border-radius:3px;-moz-border-radius:3px;-webkit-border-radius:3px;\"><div class=\"search-in-place-box-container hide-search-button \"><form method=\"get\" id=\"searchform\" action=\"https:\/\/www.urbanphotoawards.com\/it\/\">\n\t<div role=\"search\">\n\t\t<input type=\"text\" value=\"\" placeholder=\"Cerca Fotografi\" name=\"s\" data-search-in-place=\"1\" data-search-in-page=\"1\" id=\"s\" \/>\n\t\t<input type=\"submit\" class=\"mkd-search-widget-icon\" id=\"searchsubmit\" value=\"&#xf4a5;\">\n\t<\/div>\n<input type=\"hidden\" name=\"search_in_place_form\" value=\"1\"><\/form><\/div><\/div><\/div>\n<div class=\"su-note\"  style=\"border-color:#e5e5e5;border-radius:3px;-moz-border-radius:3px;-webkit-border-radius:3px;\"><div class=\"su-note-inner su-u-clearfix su-u-trim\" style=\"background-color:#ffffff;border-color:#ffffff;color:#333333;border-radius:3px;-moz-border-radius:3px;-webkit-border-radius:3px;\">\n<p style=\"text-align: center;\"><strong>Vincitore URBAN Book Award 2022<br \/>\n<\/strong><\/p>\n<p><img loading=\"lazy\" class=\"wp-image-29211 size-full\" src=\"https:\/\/www.urbanphotoawards.com\/wp-content\/uploads\/2023\/09\/Pages-from-CAFUNE\u0301_Page_01.jpg\" alt=\"Rafael Fabr\u00e9s - CAFUNE\u0301\" width=\"1331\" height=\"1129\" srcset=\"https:\/\/www.urbanphotoawards.com\/wp-content\/uploads\/2023\/09\/Pages-from-CAFUNE\u0301_Page_01.jpg 1331w, https:\/\/www.urbanphotoawards.com\/wp-content\/uploads\/2023\/09\/Pages-from-CAFUNE\u0301_Page_01-300x254.jpg 300w, https:\/\/www.urbanphotoawards.com\/wp-content\/uploads\/2023\/09\/Pages-from-CAFUNE\u0301_Page_01-1024x869.jpg 1024w, https:\/\/www.urbanphotoawards.com\/wp-content\/uploads\/2023\/09\/Pages-from-CAFUNE\u0301_Page_01-1300x1103.jpg 1300w\" sizes=\"(max-width: 1331px) 100vw, 1331px\" \/><\/p>\n<p style=\"text-align: center;\"><em><strong>Rafael Fabr\u00e9s &#8211; CAFUNE\u0301<\/strong><\/em><\/p>\n<div class=\"su-button-center\"><a href=\"https:\/\/www.urbanphotoawards.com\/it\/here-is-the-winning-project-of-the-urban-book-award-2023\/\" class=\"su-button su-button-style-default\" style=\"color:#ffffff;background-color:#2D89EF;border-color:#246ec0;border-radius:5px;-moz-border-radius:5px;-webkit-border-radius:5px\" target=\"_self\"><span style=\"color:#ffffff;padding:6px 16px;font-size:13px;line-height:20px;border-color:#6cadf4;border-radius:5px;-moz-border-radius:5px;-webkit-border-radius:5px;text-shadow:0px 0px 0px ;-moz-text-shadow:0px 0px 0px ;-webkit-text-shadow:0px 0px 0px \"><i class=\"sui sui-external-link\" style=\"font-size:13px;color:#ffffff\"><\/i> LEGGI LA NEWS<\/span><\/a><\/div>\n<\/div><\/div><div class=\"su-note\"  style=\"border-color:#e5e5e5;border-radius:3px;-moz-border-radius:3px;-webkit-border-radius:3px;\"><div class=\"su-note-inner su-u-clearfix su-u-trim\" style=\"background-color:#ffffff;border-color:#ffffff;color:#333333;border-radius:3px;-moz-border-radius:3px;-webkit-border-radius:3px;\">\n<h5 style=\"text-align: left;\"><div class=\"su-quote su-quote-style-default\"><div class=\"su-quote-inner su-u-clearfix su-u-trim\"><em>Non \u00e8 facile lavorare a Rio de Janeiro, che a volte pu\u00f2 essere molto violenta e come fotografo puoi essere vulnerabile in quei momenti. Ci\u00f2 rende speciale il lavoro di Rafael, le sue immagini intime e poetiche dimostrano che \u00e8 capace di conquistare la fiducia delle persone. \u00c8 un bellissimo mix di vita quotidiana e realt\u00e0 economica e politica (le foto del progetto sono state scattate durante la presidenza Bolsanaro) in Brasile. Ha sviluppato un&#8217;identit\u00e0 forte e quindi merita il premio<\/em><em>.<\/em><br \/>\n<strong>Kadir van Lohuizen \/ <em>Giurato designato URBAN Book Award &#8211; URBAN 2023<\/em><\/strong><\/div><\/div>\n<\/div><\/div><\/h5>\n<div class=\"su-note\"  style=\"border-color:#e5e5e5;border-radius:3px;-moz-border-radius:3px;-webkit-border-radius:3px;\"><div class=\"su-note-inner su-u-clearfix su-u-trim\" style=\"background-color:#ffffff;border-color:#ffffff;color:#333333;border-radius:3px;-moz-border-radius:3px;-webkit-border-radius:3px;\">\n<p style=\"text-align: center;\"><strong>Menzioni d&#8217;Onore<\/strong><\/p>\n<div class=\"rgg-container\" data-rgg-id=\"2\">    <div class=\"rgg-imagegrid captions-overlay-hover-show captions-effect-slide_up \" data-rgg-id=\"2\">\n                    <a href=\"https:\/\/www.urbanphotoawards.com\/wp-content\/uploads\/2023\/06\/Antonino-Pellicano-The-last-dance.jpg\" data-rel=\"rgglightbox-gallery-1\" rel=\"rgg\"  class=\"rgg-disabled size-large rgg-img rl-gallery-link\"  data-src=\"https:\/\/www.urbanphotoawards.com\/wp-content\/uploads\/2023\/06\/Antonino-Pellicano-The-last-dance-1024x724.jpg\" data-ratio=\"1.414364640884\" data-height=\"724\" data-width=\"1024\" aria-label=\"\" title=\"\" data-rl_title=\"\" data-rl_caption=\"\">\n                <span class=\"rgg-caption-container\"><span class=\"rgg-caption\"><span class=\"rgg-inner-caption\">Antonino Pellicano - The last dance<\/span><\/span><\/span>            <\/a>\n                    <a href=\"https:\/\/www.urbanphotoawards.com\/wp-content\/uploads\/2023\/06\/Federico-Campanale-SEDIMENTS.jpg\" data-rel=\"rgglightbox-gallery-1\" rel=\"rgg\"  class=\"rgg-disabled size-large rgg-img rl-gallery-link\"  data-src=\"https:\/\/www.urbanphotoawards.com\/wp-content\/uploads\/2023\/06\/Federico-Campanale-SEDIMENTS.jpg\" data-ratio=\"0.992\" data-height=\"1000\" data-width=\"992\" aria-label=\"\" title=\"\" data-rl_title=\"\" data-rl_caption=\"\">\n                <span class=\"rgg-caption-container\"><span class=\"rgg-caption\"><span class=\"rgg-inner-caption\">Tony Le \u2013 Urbanism<\/span><\/span><\/span>            <\/a>\n            <\/div>\n<\/div>\n<\/div><\/div>","protected":false},"excerpt":{"rendered":"FOTO SINGOLEPROJECTS & PORTFOLIOSURBAN BOOK AWARDURBAN PRESS AWARDURBAN PHOTO ARENAPremi speciali Icons of ArchitecturePremio \"Civici Musei di Trieste\"Premio \"Museo di Parenzo\" Vincitore URBAN Book Award 2022 Rafael Fabr\u00e9s &#8211; CAFUNE\u0301 LEGGI LA NEWS Non \u00e8 facile lavorare a Rio de Janeiro, che a volte pu\u00f2 [...]","protected":false},"author":1,"featured_media":29211,"parent":30364,"menu_order":67,"comment_status":"closed","ping_status":"closed","template":"","meta":[],"acf":[],"_links":{"self":[{"href":"https:\/\/www.urbanphotoawards.com\/it\/wp-json\/wp\/v2\/pages\/30439"}],"collection":[{"href":"https:\/\/www.urbanphotoawards.com\/it\/wp-json\/wp\/v2\/pages"}],"about":[{"href":"https:\/\/www.urbanphotoawards.com\/it\/wp-json\/wp\/v2\/types\/page"}],"author":[{"embeddable":true,"href":"https:\/\/www.urbanphotoawards.com\/it\/wp-json\/wp\/v2\/users\/1"}],"replies":[{"embeddable":true,"href":"https:\/\/www.urbanphotoawards.com\/it\/wp-json\/wp\/v2\/comments?post=30439"}],"version-history":[{"count":3,"href":"https:\/\/www.urbanphotoawards.com\/it\/wp-json\/wp\/v2\/pages\/30439\/revisions"}],"predecessor-version":[{"id":30500,"href":"https:\/\/www.urbanphotoawards.com\/it\/wp-json\/wp\/v2\/pages\/30439\/revisions\/30500"}],"up":[{"embeddable":true,"href":"https:\/\/www.urbanphotoawards.com\/it\/wp-json\/wp\/v2\/pages\/30364"}],"wp:featuredmedia":[{"embeddable":true,"href":"https:\/\/www.urbanphotoawards.com\/it\/wp-json\/wp\/v2\/media\/29211"}],"wp:attachment":[{"href":"https:\/\/www.urbanphotoawards.com\/it\/wp-json\/wp\/v2\/media?parent=30439"}],"curies":[{"name":"wp","href":"https:\/\/api.w.org\/{rel}","templated":true}]}}