{"id":26108,"date":"2022-11-02T10:57:21","date_gmt":"2022-11-02T09:57:21","guid":{"rendered":"https:\/\/www.urbanphotoawards.com\/?page_id=26108"},"modified":"2022-11-02T11:00:24","modified_gmt":"2022-11-02T10:00:24","slug":"best-author-jonathan-jasberg","status":"publish","type":"page","link":"https:\/\/www.urbanphotoawards.com\/it\/winners-2022\/best-author-jonathan-jasberg\/","title":{"rendered":"Vincitori 2022 \/ Best Author: Jonathan Jasberg"},"content":{"rendered":"<div id=\"mega-menu-wrap-max_mega_menu_22\" class=\"mega-menu-wrap\"><div class=\"mega-menu-toggle\"><div class=\"mega-toggle-blocks-left\"><\/div><div class=\"mega-toggle-blocks-center\"><div class='mega-toggle-block mega-menu-toggle-animated-block mega-toggle-block-1' id='mega-toggle-block-1'><button aria-label=\"\" class=\"mega-toggle-animated mega-toggle-animated-slider\" type=\"button\" aria-expanded=\"false\">\n                  <span class=\"mega-toggle-animated-box\">\n                    <span class=\"mega-toggle-animated-inner\"><\/span>\n                  <\/span>\n                <\/button><\/div><\/div><div class=\"mega-toggle-blocks-right\"><\/div><\/div><ul id=\"mega-menu-max_mega_menu_22\" class=\"mega-menu max-mega-menu mega-menu-horizontal mega-no-js\" data-event=\"hover_intent\" data-effect=\"fade_up\" data-effect-speed=\"200\" data-effect-mobile=\"disabled\" data-effect-speed-mobile=\"0\" data-mobile-force-width=\"false\" data-second-click=\"go\" data-document-click=\"collapse\" data-vertical-behaviour=\"standard\" data-breakpoint=\"768\" data-unbind=\"true\" data-mobile-state=\"collapse_all\" data-hover-intent-timeout=\"300\" data-hover-intent-interval=\"100\"><li class='mega-menu-item mega-menu-item-type-post_type mega-menu-item-object-page mega-align-bottom-left mega-menu-flyout mega-menu-item-25020' id='mega-menu-item-25020'><a class=\"mega-menu-link\" href=\"https:\/\/www.urbanphotoawards.com\/it\/winners-2022\/single-pictures\/\" tabindex=\"0\">SINGLE PICTURES<\/a><\/li><li class='mega-menu-item mega-menu-item-type-post_type mega-menu-item-object-page mega-align-bottom-left mega-menu-flyout mega-menu-item-25019' id='mega-menu-item-25019'><a class=\"mega-menu-link\" href=\"https:\/\/www.urbanphotoawards.com\/it\/winners-2022\/projects\/\" tabindex=\"0\">PROJECTS & PORTFOLIOS<\/a><\/li><li class='mega-menu-item mega-menu-item-type-post_type mega-menu-item-object-page mega-align-bottom-left mega-menu-flyout mega-menu-item-25018' id='mega-menu-item-25018'><a class=\"mega-menu-link\" href=\"https:\/\/www.urbanphotoawards.com\/it\/winners-2022\/books\/\" tabindex=\"0\">URBAN BOOK AWARD<\/a><\/li><li class='mega-menu-item mega-menu-item-type-custom mega-menu-item-object-custom mega-menu-item-has-children mega-align-bottom-left mega-menu-flyout mega-menu-item-26107' id='mega-menu-item-26107'><a class=\"mega-menu-link\" aria-haspopup=\"true\" aria-expanded=\"false\" tabindex=\"0\">Premi speciali<span class=\"mega-indicator\"><\/span><\/a>\n<ul class=\"mega-sub-menu\">\n<li class='mega-menu-item mega-menu-item-type-post_type mega-menu-item-object-post mega-menu-item-25021' id='mega-menu-item-25021'><a class=\"mega-menu-link\" href=\"https:\/\/www.urbanphotoawards.com\/it\/urban-2022-new-buildings-prize-matrix4design-announces-the-10-finalists\/\">New Buildings<\/a><\/li><li class='mega-menu-item mega-menu-item-type-post_type mega-menu-item-object-post mega-menu-item-26105' id='mega-menu-item-26105'><a class=\"mega-menu-link\" href=\"https:\/\/www.urbanphotoawards.com\/it\/the-four-urban-2022-projects-selected-for-the-prize-exhibition-at-the-museo-sartorio-in-trieste\/\">Premio \"Civici Musei di Trieste\"<\/a><\/li><li class='mega-menu-item mega-menu-item-type-post_type mega-menu-item-object-post mega-menu-item-26106' id='mega-menu-item-26106'><a class=\"mega-menu-link\" href=\"https:\/\/www.urbanphotoawards.com\/it\/urban-2022-anthony-sala-and-piero-colles-projects-win-the-exhibition-prize-at-the-porec-museum-croatia\/\">Premio \"Museo di Parenzo\"<\/a><\/li><\/ul>\n<\/li><li class='mega-menu-item mega-menu-item-type-post_type mega-menu-item-object-page mega-align-bottom-left mega-menu-flyout mega-menu-item-26133' id='mega-menu-item-26133'><a class=\"mega-menu-link\" href=\"https:\/\/www.urbanphotoawards.com\/it\/winners-2022\/best-author-jonathan-jasberg\/\" tabindex=\"0\">Best Author<\/a><\/li><\/ul><\/div>\n<div class=\"su-note\"  style=\"border-color:#e5e5e5;border-radius:3px;-moz-border-radius:3px;-webkit-border-radius:3px;\"><div class=\"su-note-inner su-u-clearfix su-u-trim\" style=\"background-color:#ffffff;border-color:#ffffff;color:#333333;border-radius:3px;-moz-border-radius:3px;-webkit-border-radius:3px;\"><div class=\"su-row\"><div class=\"su-column su-column-size-1-3\"><div class=\"su-column-inner su-u-clearfix su-u-trim\">\n<p><img loading=\"lazy\" class=\"alignnone size-full wp-image-26109\" src=\"https:\/\/www.urbanphotoawards.com\/wp-content\/uploads\/2022\/11\/jasberg.jpeg\" alt=\"\" width=\"380\" height=\"380\" srcset=\"https:\/\/www.urbanphotoawards.com\/wp-content\/uploads\/2022\/11\/jasberg.jpeg 380w, https:\/\/www.urbanphotoawards.com\/wp-content\/uploads\/2022\/11\/jasberg-300x300.jpeg 300w, https:\/\/www.urbanphotoawards.com\/wp-content\/uploads\/2022\/11\/jasberg-150x150.jpeg 150w\" sizes=\"(max-width: 380px) 100vw, 380px\" \/><\/p>\n<\/div><\/div><div class=\"su-column su-column-size-2-3\"><div class=\"su-column-inner su-u-clearfix su-u-trim\">\n<p>Jonathan Jasberg \u00e8 un pluripremiato fotografo americano, specializzato in street photography. I temi comuni nel suo lavoro includono giustapposizioni di tradizioni culturali con il mondo moderno e spesso includono simboli religiosi, sincere emozioni umane, insieme a tocchi di serendipit\u00e0 per formare immagini composte e stratificate in modo univoco.<br \/>\nViaggia a tempo pieno a livello internazionale, con particolare attenzione al Giappone e alla regione circostante. Attualmente sta lavorando a un progetto a lungo termine a Gion, il tradizionale distretto di Geisha di Kyoto, in Giappone, e nelle aree circostanti pi\u00f9 grintose che forniscono una dicotomia unica di ci\u00f2 che \u00e8 considerato &#8220;Giappone&#8221;.<br \/>\nOltre al progetto pluriennale sul Giappone, sta lavorando contemporaneamente a un progetto a lungo termine con sede al Cairo, in Egitto, intitolato <em>Cairo: A Beautiful Thing Is Never Perfect<\/em>. Attraverso la citt\u00e0 complessa e spesso caotica del Cairo che fa da sfondo, il lavoro di Jonathan \u00e8 una raccolta di immagini altrettanto complesse che ritraggono scene quotidiane sincere che spesso sollevano pi\u00f9 domande piuttosto che presentare risposte ovvie. Una raccolta di immagini intrise di un mix di emozioni strane, bizzarre, tristi, oscure e gioiose in mostra durante l&#8217;opera, offre agli spettatori storie di vita quotidiana con cui sono in grado di relazionarsi e con cui entrare in empatia. Pur avendo anche stuzzicato la loro curiosit\u00e0, lo spettatore viene condotto in un viaggio visivo esplorando pi\u00f9 in profondit\u00e0 questa affascinante e bellissima citt\u00e0.<\/p>\n<p><strong><a href=\"https:\/\/www.jonathanjasberg.com\" target=\"_blank\" rel=\"noopener nofollow\">www.jonathanjasberg.com<\/a><\/strong><\/p>\n<\/div><\/div><\/div><\/div><\/div>\n<div class=\"su-note\"  style=\"border-color:#e5e5e5;border-radius:3px;-moz-border-radius:3px;-webkit-border-radius:3px;\"><div class=\"su-note-inner su-u-clearfix su-u-trim\" style=\"background-color:#ffffff;border-color:#ffffff;color:#333333;border-radius:3px;-moz-border-radius:3px;-webkit-border-radius:3px;\">\n<p style=\"text-align: center;\"><strong>Jonathan Jasberg &#8211; <em>Cairo: A Beautiful Thing Is Never Perfect<\/em><\/strong><\/p>\n<div class=\"rgg-container\" data-rgg-id=\"2\">    <div class=\"rgg-imagegrid captions-overlay-hover-show captions-effect-slide_up \" data-rgg-id=\"2\">\n                    <a href=\"https:\/\/www.urbanphotoawards.com\/wp-content\/uploads\/2022\/11\/Jonathan-Jasberg-Cairo-A-Beautiful-Thing-Is-Never-Perfect_01.jpg\" data-rel=\"rgglightbox-gallery-1\" rel=\"rgg\"  class=\"rgg-disabled size-large rgg-img rl-gallery-link\"  data-src=\"https:\/\/www.urbanphotoawards.com\/wp-content\/uploads\/2022\/11\/Jonathan-Jasberg-Cairo-A-Beautiful-Thing-Is-Never-Perfect_01-1024x683.jpg\" data-ratio=\"1.4992679355783\" data-height=\"683\" data-width=\"1024\" aria-label=\"\" title=\"\" data-rl_title=\"\" data-rl_caption=\"\">\n                            <\/a>\n                    <a href=\"https:\/\/www.urbanphotoawards.com\/wp-content\/uploads\/2022\/11\/Jonathan-Jasberg-Cairo-A-Beautiful-Thing-Is-Never-Perfect_02.jpg\" data-rel=\"rgglightbox-gallery-1\" rel=\"rgg\"  class=\"rgg-disabled size-large rgg-img rl-gallery-link\"  data-src=\"https:\/\/www.urbanphotoawards.com\/wp-content\/uploads\/2022\/11\/Jonathan-Jasberg-Cairo-A-Beautiful-Thing-Is-Never-Perfect_02-1024x683.jpg\" data-ratio=\"1.4992679355783\" data-height=\"683\" data-width=\"1024\" aria-label=\"\" title=\"\" data-rl_title=\"\" data-rl_caption=\"\">\n                <span class=\"rgg-caption-container\"><span class=\"rgg-caption\"><span class=\"rgg-inner-caption\">Jonathan Jasberg \u2013 Cairo: A Beautiful Thing Is Never Perfect<\/span><\/span><\/span>            <\/a>\n                    <a href=\"https:\/\/www.urbanphotoawards.com\/wp-content\/uploads\/2022\/11\/Jonathan-Jasberg-Cairo-A-Beautiful-Thing-Is-Never-Perfect_03.jpg\" data-rel=\"rgglightbox-gallery-1\" rel=\"rgg\"  class=\"rgg-disabled size-large rgg-img rl-gallery-link\"  data-src=\"https:\/\/www.urbanphotoawards.com\/wp-content\/uploads\/2022\/11\/Jonathan-Jasberg-Cairo-A-Beautiful-Thing-Is-Never-Perfect_03-1024x683.jpg\" data-ratio=\"1.4992679355783\" data-height=\"683\" data-width=\"1024\" aria-label=\"\" title=\"\" data-rl_title=\"\" data-rl_caption=\"\">\n                            <\/a>\n                    <a href=\"https:\/\/www.urbanphotoawards.com\/wp-content\/uploads\/2022\/11\/Jonathan-Jasberg-Cairo-A-Beautiful-Thing-Is-Never-Perfect_04.jpg\" data-rel=\"rgglightbox-gallery-1\" rel=\"rgg\"  class=\"rgg-disabled size-large rgg-img rl-gallery-link\"  data-src=\"https:\/\/www.urbanphotoawards.com\/wp-content\/uploads\/2022\/11\/Jonathan-Jasberg-Cairo-A-Beautiful-Thing-Is-Never-Perfect_04-1024x683.jpg\" data-ratio=\"1.4992679355783\" data-height=\"683\" data-width=\"1024\" aria-label=\"\" title=\"\" data-rl_title=\"\" data-rl_caption=\"\">\n                <span class=\"rgg-caption-container\"><span class=\"rgg-caption\"><span class=\"rgg-inner-caption\">Jonathan Jasberg \u2013 Cairo: A Beautiful Thing Is Never Perfect<\/span><\/span><\/span>            <\/a>\n                    <a href=\"https:\/\/www.urbanphotoawards.com\/wp-content\/uploads\/2022\/11\/Jonathan-Jasberg-Cairo-A-Beautiful-Thing-Is-Never-Perfect_05.jpg\" data-rel=\"rgglightbox-gallery-1\" rel=\"rgg\"  class=\"rgg-disabled size-large rgg-img rl-gallery-link\"  data-src=\"https:\/\/www.urbanphotoawards.com\/wp-content\/uploads\/2022\/11\/Jonathan-Jasberg-Cairo-A-Beautiful-Thing-Is-Never-Perfect_05-1024x684.jpg\" data-ratio=\"1.4970760233918\" data-height=\"684\" data-width=\"1024\" aria-label=\"\" title=\"\" data-rl_title=\"\" data-rl_caption=\"\">\n                <span class=\"rgg-caption-container\"><span class=\"rgg-caption\"><span class=\"rgg-inner-caption\">Jonathan Jasberg \u2013 Cairo: A Beautiful Thing Is Never Perfect<\/span><\/span><\/span>            <\/a>\n                    <a href=\"https:\/\/www.urbanphotoawards.com\/wp-content\/uploads\/2022\/11\/Jonathan-Jasberg-Cairo-A-Beautiful-Thing-Is-Never-Perfect_06.jpg\" data-rel=\"rgglightbox-gallery-1\" rel=\"rgg\"  class=\"rgg-disabled size-large rgg-img rl-gallery-link\"  data-src=\"https:\/\/www.urbanphotoawards.com\/wp-content\/uploads\/2022\/11\/Jonathan-Jasberg-Cairo-A-Beautiful-Thing-Is-Never-Perfect_06-1024x683.jpg\" data-ratio=\"1.4992679355783\" data-height=\"683\" data-width=\"1024\" aria-label=\"\" title=\"\" data-rl_title=\"\" data-rl_caption=\"\">\n                <span class=\"rgg-caption-container\"><span class=\"rgg-caption\"><span class=\"rgg-inner-caption\">Jonathan Jasberg \u2013 Cairo: A Beautiful Thing Is Never Perfect<\/span><\/span><\/span>            <\/a>\n                    <a href=\"https:\/\/www.urbanphotoawards.com\/wp-content\/uploads\/2022\/11\/Jonathan-Jasberg-Cairo-A-Beautiful-Thing-Is-Never-Perfect_07.jpg\" data-rel=\"rgglightbox-gallery-1\" rel=\"rgg\"  class=\"rgg-disabled size-large rgg-img rl-gallery-link\"  data-src=\"https:\/\/www.urbanphotoawards.com\/wp-content\/uploads\/2022\/11\/Jonathan-Jasberg-Cairo-A-Beautiful-Thing-Is-Never-Perfect_07-1024x683.jpg\" data-ratio=\"1.4992679355783\" data-height=\"683\" data-width=\"1024\" aria-label=\"\" title=\"\" data-rl_title=\"\" data-rl_caption=\"\">\n                <span class=\"rgg-caption-container\"><span class=\"rgg-caption\"><span class=\"rgg-inner-caption\">Jonathan Jasberg \u2013 Cairo: A Beautiful Thing Is Never Perfect<\/span><\/span><\/span>            <\/a>\n                    <a href=\"https:\/\/www.urbanphotoawards.com\/wp-content\/uploads\/2022\/11\/Jonathan-Jasberg-Cairo-A-Beautiful-Thing-Is-Never-Perfect_08.jpg\" data-rel=\"rgglightbox-gallery-1\" rel=\"rgg\"  class=\"rgg-disabled size-large rgg-img rl-gallery-link\"  data-src=\"https:\/\/www.urbanphotoawards.com\/wp-content\/uploads\/2022\/11\/Jonathan-Jasberg-Cairo-A-Beautiful-Thing-Is-Never-Perfect_08-1024x683.jpg\" data-ratio=\"1.4992679355783\" data-height=\"683\" data-width=\"1024\" aria-label=\"\" title=\"\" data-rl_title=\"\" data-rl_caption=\"\">\n                <span class=\"rgg-caption-container\"><span class=\"rgg-caption\"><span class=\"rgg-inner-caption\">Jonathan Jasberg \u2013 Cairo: A Beautiful Thing Is Never Perfect<\/span><\/span><\/span>            <\/a>\n                    <a href=\"https:\/\/www.urbanphotoawards.com\/wp-content\/uploads\/2022\/11\/Jonathan-Jasberg-Cairo-A-Beautiful-Thing-Is-Never-Perfect_09.jpg\" data-rel=\"rgglightbox-gallery-1\" rel=\"rgg\"  class=\"rgg-disabled size-large rgg-img rl-gallery-link\"  data-src=\"https:\/\/www.urbanphotoawards.com\/wp-content\/uploads\/2022\/11\/Jonathan-Jasberg-Cairo-A-Beautiful-Thing-Is-Never-Perfect_09-1024x683.jpg\" data-ratio=\"1.4992679355783\" data-height=\"683\" data-width=\"1024\" aria-label=\"\" title=\"\" data-rl_title=\"\" data-rl_caption=\"\">\n                <span class=\"rgg-caption-container\"><span class=\"rgg-caption\"><span class=\"rgg-inner-caption\">Jonathan Jasberg \u2013 Cairo: A Beautiful Thing Is Never Perfect<\/span><\/span><\/span>            <\/a>\n                    <a href=\"https:\/\/www.urbanphotoawards.com\/wp-content\/uploads\/2022\/11\/Jonathan-Jasberg-Cairo-A-Beautiful-Thing-Is-Never-Perfect_10.jpg\" data-rel=\"rgglightbox-gallery-1\" rel=\"rgg\"  class=\"rgg-disabled size-large rgg-img rl-gallery-link\"  data-src=\"https:\/\/www.urbanphotoawards.com\/wp-content\/uploads\/2022\/11\/Jonathan-Jasberg-Cairo-A-Beautiful-Thing-Is-Never-Perfect_10-1024x683.jpg\" data-ratio=\"1.4992679355783\" data-height=\"683\" data-width=\"1024\" aria-label=\"\" title=\"\" data-rl_title=\"\" data-rl_caption=\"\">\n                            <\/a>\n                    <a href=\"https:\/\/www.urbanphotoawards.com\/wp-content\/uploads\/2022\/11\/Jonathan-Jasberg-Cairo-A-Beautiful-Thing-Is-Never-Perfect_11.jpg\" data-rel=\"rgglightbox-gallery-1\" rel=\"rgg\"  class=\"rgg-disabled size-large rgg-img rl-gallery-link\"  data-src=\"https:\/\/www.urbanphotoawards.com\/wp-content\/uploads\/2022\/11\/Jonathan-Jasberg-Cairo-A-Beautiful-Thing-Is-Never-Perfect_11-1024x683.jpg\" data-ratio=\"1.4992679355783\" data-height=\"683\" data-width=\"1024\" aria-label=\"\" title=\"\" data-rl_title=\"\" data-rl_caption=\"\">\n                <span class=\"rgg-caption-container\"><span class=\"rgg-caption\"><span class=\"rgg-inner-caption\">Jonathan Jasberg \u2013 Cairo: A Beautiful Thing Is Never Perfect<\/span><\/span><\/span>            <\/a>\n                    <a href=\"https:\/\/www.urbanphotoawards.com\/wp-content\/uploads\/2022\/11\/Jonathan-Jasberg-Cairo-A-Beautiful-Thing-Is-Never-Perfect_12.jpg\" data-rel=\"rgglightbox-gallery-1\" rel=\"rgg\"  class=\"rgg-disabled size-large rgg-img rl-gallery-link\"  data-src=\"https:\/\/www.urbanphotoawards.com\/wp-content\/uploads\/2022\/11\/Jonathan-Jasberg-Cairo-A-Beautiful-Thing-Is-Never-Perfect_12-1024x683.jpg\" data-ratio=\"1.4992679355783\" data-height=\"683\" data-width=\"1024\" aria-label=\"\" title=\"\" data-rl_title=\"\" data-rl_caption=\"\">\n                <span class=\"rgg-caption-container\"><span class=\"rgg-caption\"><span class=\"rgg-inner-caption\">Jonathan Jasberg \u2013 Cairo: A Beautiful Thing Is Never Perfect<\/span><\/span><\/span>            <\/a>\n                    <a href=\"https:\/\/www.urbanphotoawards.com\/wp-content\/uploads\/2022\/11\/Jonathan-Jasberg-Cairo-A-Beautiful-Thing-Is-Never-Perfect_13.jpg\" data-rel=\"rgglightbox-gallery-1\" rel=\"rgg\"  class=\"rgg-disabled size-large rgg-img rl-gallery-link\"  data-src=\"https:\/\/www.urbanphotoawards.com\/wp-content\/uploads\/2022\/11\/Jonathan-Jasberg-Cairo-A-Beautiful-Thing-Is-Never-Perfect_13-1024x683.jpg\" data-ratio=\"1.4992679355783\" data-height=\"683\" data-width=\"1024\" aria-label=\"\" title=\"\" data-rl_title=\"\" data-rl_caption=\"\">\n                <span class=\"rgg-caption-container\"><span class=\"rgg-caption\"><span class=\"rgg-inner-caption\">Jonathan Jasberg \u2013 Cairo: A Beautiful Thing Is Never Perfect<\/span><\/span><\/span>            <\/a>\n                    <a href=\"https:\/\/www.urbanphotoawards.com\/wp-content\/uploads\/2022\/11\/Jonathan-Jasberg-Cairo-A-Beautiful-Thing-Is-Never-Perfect_14.jpg\" data-rel=\"rgglightbox-gallery-1\" rel=\"rgg\"  class=\"rgg-disabled size-large rgg-img rl-gallery-link\"  data-src=\"https:\/\/www.urbanphotoawards.com\/wp-content\/uploads\/2022\/11\/Jonathan-Jasberg-Cairo-A-Beautiful-Thing-Is-Never-Perfect_14-1024x683.jpg\" data-ratio=\"1.4992679355783\" data-height=\"683\" data-width=\"1024\" aria-label=\"\" title=\"\" data-rl_title=\"\" data-rl_caption=\"\">\n                <span class=\"rgg-caption-container\"><span class=\"rgg-caption\"><span class=\"rgg-inner-caption\">Jonathan Jasberg \u2013 Cairo: A Beautiful Thing Is Never Perfect<\/span><\/span><\/span>            <\/a>\n                    <a href=\"https:\/\/www.urbanphotoawards.com\/wp-content\/uploads\/2022\/11\/Jonathan-Jasberg-Cairo-A-Beautiful-Thing-Is-Never-Perfect_15.jpg\" data-rel=\"rgglightbox-gallery-1\" rel=\"rgg\"  class=\"rgg-disabled size-large rgg-img rl-gallery-link\"  data-src=\"https:\/\/www.urbanphotoawards.com\/wp-content\/uploads\/2022\/11\/Jonathan-Jasberg-Cairo-A-Beautiful-Thing-Is-Never-Perfect_15-1024x683.jpg\" data-ratio=\"1.4992679355783\" data-height=\"683\" data-width=\"1024\" aria-label=\"\" title=\"\" data-rl_title=\"\" data-rl_caption=\"\">\n                <span class=\"rgg-caption-container\"><span class=\"rgg-caption\"><span class=\"rgg-inner-caption\">Jonathan Jasberg \u2013 Cairo: A Beautiful Thing Is Never Perfect<\/span><\/span><\/span>            <\/a>\n                    <a href=\"https:\/\/www.urbanphotoawards.com\/wp-content\/uploads\/2022\/11\/Jonathan-Jasberg-Cairo-A-Beautiful-Thing-Is-Never-Perfect_16.jpg\" data-rel=\"rgglightbox-gallery-1\" rel=\"rgg\"  class=\"rgg-disabled size-large rgg-img rl-gallery-link\"  data-src=\"https:\/\/www.urbanphotoawards.com\/wp-content\/uploads\/2022\/11\/Jonathan-Jasberg-Cairo-A-Beautiful-Thing-Is-Never-Perfect_16-1024x683.jpg\" data-ratio=\"1.4992679355783\" data-height=\"683\" data-width=\"1024\" aria-label=\"\" title=\"\" data-rl_title=\"\" data-rl_caption=\"\">\n                <span class=\"rgg-caption-container\"><span class=\"rgg-caption\"><span class=\"rgg-inner-caption\">Jonathan Jasberg \u2013 Cairo: A Beautiful Thing Is Never Perfect<\/span><\/span><\/span>            <\/a>\n                    <a href=\"https:\/\/www.urbanphotoawards.com\/wp-content\/uploads\/2022\/11\/Jonathan-Jasberg-Cairo-A-Beautiful-Thing-Is-Never-Perfect_17.jpg\" data-rel=\"rgglightbox-gallery-1\" rel=\"rgg\"  class=\"rgg-disabled size-large rgg-img rl-gallery-link\"  data-src=\"https:\/\/www.urbanphotoawards.com\/wp-content\/uploads\/2022\/11\/Jonathan-Jasberg-Cairo-A-Beautiful-Thing-Is-Never-Perfect_17-1024x683.jpg\" data-ratio=\"1.4992679355783\" data-height=\"683\" data-width=\"1024\" aria-label=\"\" title=\"\" data-rl_title=\"\" data-rl_caption=\"\">\n                <span class=\"rgg-caption-container\"><span class=\"rgg-caption\"><span class=\"rgg-inner-caption\">Jonathan Jasberg \u2013 Cairo: A Beautiful Thing Is Never Perfect<\/span><\/span><\/span>            <\/a>\n                    <a href=\"https:\/\/www.urbanphotoawards.com\/wp-content\/uploads\/2022\/11\/Jonathan-Jasberg-Cairo-A-Beautiful-Thing-Is-Never-Perfect_18.jpg\" data-rel=\"rgglightbox-gallery-1\" rel=\"rgg\"  class=\"rgg-disabled size-large rgg-img rl-gallery-link\"  data-src=\"https:\/\/www.urbanphotoawards.com\/wp-content\/uploads\/2022\/11\/Jonathan-Jasberg-Cairo-A-Beautiful-Thing-Is-Never-Perfect_18-1024x683.jpg\" data-ratio=\"1.4992679355783\" data-height=\"683\" data-width=\"1024\" aria-label=\"\" title=\"\" data-rl_title=\"\" data-rl_caption=\"\">\n                <span class=\"rgg-caption-container\"><span class=\"rgg-caption\"><span class=\"rgg-inner-caption\">Jonathan Jasberg \u2013 Cairo: A Beautiful Thing Is Never Perfect<\/span><\/span><\/span>            <\/a>\n                    <a href=\"https:\/\/www.urbanphotoawards.com\/wp-content\/uploads\/2022\/11\/Jonathan-Jasberg-Cairo-A-Beautiful-Thing-Is-Never-Perfect_19.jpg\" data-rel=\"rgglightbox-gallery-1\" rel=\"rgg\"  class=\"rgg-disabled size-large rgg-img rl-gallery-link\"  data-src=\"https:\/\/www.urbanphotoawards.com\/wp-content\/uploads\/2022\/11\/Jonathan-Jasberg-Cairo-A-Beautiful-Thing-Is-Never-Perfect_19-1024x683.jpg\" data-ratio=\"1.4992679355783\" data-height=\"683\" data-width=\"1024\" aria-label=\"\" title=\"\" data-rl_title=\"\" data-rl_caption=\"\">\n                <span class=\"rgg-caption-container\"><span class=\"rgg-caption\"><span class=\"rgg-inner-caption\">Jonathan Jasberg \u2013 Cairo: A Beautiful Thing Is Never Perfect<\/span><\/span><\/span>            <\/a>\n                    <a href=\"https:\/\/www.urbanphotoawards.com\/wp-content\/uploads\/2022\/11\/Jonathan-Jasberg-Cairo-A-Beautiful-Thing-Is-Never-Perfect_20.jpg\" data-rel=\"rgglightbox-gallery-1\" rel=\"rgg\"  class=\"rgg-disabled size-large rgg-img rl-gallery-link\"  data-src=\"https:\/\/www.urbanphotoawards.com\/wp-content\/uploads\/2022\/11\/Jonathan-Jasberg-Cairo-A-Beautiful-Thing-Is-Never-Perfect_20-1024x683.jpg\" data-ratio=\"1.4992679355783\" data-height=\"683\" data-width=\"1024\" aria-label=\"\" title=\"\" data-rl_title=\"\" data-rl_caption=\"\">\n                <span class=\"rgg-caption-container\"><span class=\"rgg-caption\"><span class=\"rgg-inner-caption\">Jonathan Jasberg \u2013 Cairo: A Beautiful Thing Is Never Perfect<\/span><\/span><\/span>            <\/a>\n            <\/div>\n<\/div>\n<\/div><\/div>","protected":false},"excerpt":{"rendered":"SINGLE PICTURESPROJECTS & PORTFOLIOSURBAN BOOK AWARDPremi speciali New BuildingsPremio \"Civici Musei di Trieste\"Premio \"Museo di Parenzo\" Best Author Jonathan Jasberg \u00e8 un pluripremiato fotografo americano, specializzato in street photography. I temi comuni nel suo lavoro includono giustapposizioni di tradizioni culturali con il mondo moderno e [...]","protected":false},"author":1,"featured_media":25939,"parent":24970,"menu_order":13,"comment_status":"closed","ping_status":"closed","template":"","meta":[],"acf":[],"_links":{"self":[{"href":"https:\/\/www.urbanphotoawards.com\/it\/wp-json\/wp\/v2\/pages\/26108"}],"collection":[{"href":"https:\/\/www.urbanphotoawards.com\/it\/wp-json\/wp\/v2\/pages"}],"about":[{"href":"https:\/\/www.urbanphotoawards.com\/it\/wp-json\/wp\/v2\/types\/page"}],"author":[{"embeddable":true,"href":"https:\/\/www.urbanphotoawards.com\/it\/wp-json\/wp\/v2\/users\/1"}],"replies":[{"embeddable":true,"href":"https:\/\/www.urbanphotoawards.com\/it\/wp-json\/wp\/v2\/comments?post=26108"}],"version-history":[{"count":3,"href":"https:\/\/www.urbanphotoawards.com\/it\/wp-json\/wp\/v2\/pages\/26108\/revisions"}],"predecessor-version":[{"id":26134,"href":"https:\/\/www.urbanphotoawards.com\/it\/wp-json\/wp\/v2\/pages\/26108\/revisions\/26134"}],"up":[{"embeddable":true,"href":"https:\/\/www.urbanphotoawards.com\/it\/wp-json\/wp\/v2\/pages\/24970"}],"wp:featuredmedia":[{"embeddable":true,"href":"https:\/\/www.urbanphotoawards.com\/it\/wp-json\/wp\/v2\/media\/25939"}],"wp:attachment":[{"href":"https:\/\/www.urbanphotoawards.com\/it\/wp-json\/wp\/v2\/media?parent=26108"}],"curies":[{"name":"wp","href":"https:\/\/api.w.org\/{rel}","templated":true}]}}