{"id":14232,"date":"2020-03-11T10:55:50","date_gmt":"2020-03-11T09:55:50","guid":{"rendered":"http:\/\/www.urbanphotoawards.com\/?page_id=14232"},"modified":"2020-04-29T12:45:36","modified_gmt":"2020-04-29T10:45:36","slug":"guidelines-photos-projects-books","status":"publish","type":"page","link":"https:\/\/www.urbanphotoawards.com\/it\/2020-rules\/guidelines-photos-projects-books\/","title":{"rendered":"Linee guida Foto \/ Progetti \/ Libri"},"content":{"rendered":"<h2><strong>Iscrizioni<br \/>\n<\/strong><\/h2>\n<ul>\n<li>Area Utente di URBAN Photo Awards: <a href=\"https:\/\/my.urbanphotoawards.com\" target=\"_blank\" rel=\"noopener nofollow\"><strong>https:\/\/my.urbanphotoawards.com<\/strong><\/a><\/li>\n<\/ul>\n<hr \/>\n<h2><strong>Profilo personale<\/strong><\/h2>\n<ul>\n<li>Prima di poter caricare le immagini bisogna compilare tutti i campi obbligatori del profilo personale.<\/li>\n<\/ul>\n<hr \/>\n<h2><strong>Caricamento Foto Singole<\/strong><\/h2>\n<ul>\n<li>Clicca su &#8220;Le mie foto&#8221;, seleziona le immagini e caricale.<\/li>\n<li>Importante: ricorda di assegnare un\u2019area tematica a ciascuna foto!.<\/li>\n<li>Una volta assegnata l\u2019area tematica la foto verr\u00e0 automaticamente inserita nel tuo \u201ccarrello\u201d che calcoler\u00e0 la quota d\u2019iscrizione.<\/li>\n<li>Puoi assegnare una categoria a ciascuna foto.<\/li>\n<li>Se non assegni un titolo la foto verr\u00e0 automaticamente intitolata \u201cUntiled\u201d.<\/li>\n<li>Puoi cambiare titolo e categoria alla foto in qualunque momento fino alla chiusura delle iscrizioni.<\/li>\n<li>Sei libero di aggiungere nuove foto fino alla chiusura delle iscrizioni.<\/li>\n<li>Puoi iscrivere la foto in pi\u00f9 Aree Tematiche. In tal caso, l\u2019opera verr\u00e0 conteggiata come una normale foto addizionale.<\/li>\n<\/ul>\n<hr \/>\n<h2><strong>Caricamento Portfolio<\/strong><\/h2>\n<ul>\n<li>Clicca su &#8220;I miei portfolio&#8221;, seleziona le immagini e caricale.<\/li>\n<li>Assegna il titolo e la descrizione al progetto. Ricorda che il progetto sar\u00e0 sottoposto a una giuria internazionale: scrivi titolo e descrizione in inglese (puoi aiutarti con Google Translate).<\/li>\n<li>Una volta caricate le foto puoi trascinarle nell\u2019ordine che preferisci.<\/li>\n<li>Ricorda di scegliere l\u2019immagine di copertina del tuo progetto.<\/li>\n<li>Puoi cambiare titolo, descrizione, aggiungere\/togliere foto al progetto in qualunque momento fino alla chiusura delle iscrizioni.<\/li>\n<\/ul>\n<hr \/>\n<h2><strong>Caricamento Libri<\/strong><\/h2>\n<ul>\n<li>Clicca su &#8220;Book Award&#8221; e poi clicca su &#8220;Aggiungi Libro&#8221;<\/li>\n<li>Assegna il titolo e la descrizione al libro. Ricorda che il progetto sar\u00e0 sottoposto a una giuria internazionale: scrivi titolo e descrizione in inglese (puoi aiutarti con Google Translate).<\/li>\n<li>Carica il libro tramite il link di Dropbox<\/li>\n<li>Gli autori devono presentare un \u201cdummy\u201d, ovvero un progetto del libro in formato pdf, con l\u2019ossatura definita, anche se non rifinita n\u00e9 pronto per la stampa.<\/li>\n<li>Se non si \u00e8 in grado di produrre un pdf \u00e8 possibile anche inviare le foto singole, purch\u00e9 rinominate in sequenza e raccolte in un\u2019unica cartella compressa.<\/li>\n<li>Massimo 3 libri per ogni concorrente.<\/li>\n<li>Peso massimo del singolo pdf o cartella compressa: 100 MB.<\/li>\n<li>I formati delle pagine consigliati sono: A4 (21 x 29,7 cm, verticale oppure orizzontale) o Quadrato (22\u00d722 cm). Se risultasse vincitore un libro dal formato diverso, dotART si riserva di adattare il formato.<\/li>\n<li>Ogni autore \u00e8 libero di impaginare il libro come preferisce, utilizzare il testo e scegliere lo stile fotografico che desidera.<\/li>\n<\/ul>\n<hr \/>\n<h2><strong>Attenzione<\/strong><\/h2>\n<ul>\n<li>Sono ammesse sia foto a colori che in bianco e nero.<\/li>\n<li>Sono consentiti la post-produzione e un impercettibile fotoritocco.<\/li>\n<li>Post-produzione e fotoritocco \u201cinvasivi\u201d sono liberi solo dove esplicitamente specificato nel regolamento.<\/li>\n<li>Non sono ammesse foto con firme, filigrane, cornici o contrassegni visibili sull\u2019immagine.<\/li>\n<li>Non sono ammesse foto o immagini ritenute offensive, secondo la sensibilit\u00e0 e l\u2019insindacabile giudizio della giuria.<\/li>\n<\/ul>\n<hr \/>\n<h2><strong>Specifiche tecniche<\/strong><\/h2>\n<ul>\n<li>Formato .jpg (attenzione all\u2019estensione del file. No alle estensioni \u201c.jpeg\u201d e nemmeno TIFF, RAW, ecc).<\/li>\n<li>Metodo colore RGB.<\/li>\n<li>Foto singole: i file devono essere inferiori a 10 MB l\u2019uno.<\/li>\n<li>Projects: i file che compongono i progetti devono essere inferiori a 10 MB l\u2019uno.<\/li>\n<li>Dimensioni minime lato minore: 2000 px \/ dimensioni massime lato pi\u00f9 lungo: 6000 px.<\/li>\n<li>Nella sezione Portfolio, per essere certi che l\u2019ordine delle foto sia corretto, aggiungere al nome del file i numeri nella sequenza desiderata (p.es \u201cfilename03.jpg\u201d, \u201c08filename.jpg\u201d, \u2026).<\/li>\n<\/ul>","protected":false},"excerpt":{"rendered":"<p>Iscrizioni Area Utente di URBAN Photo Awards: https:\/\/my.urbanphotoawards.com Profilo personale Prima di poter caricare le immagini bisogna compilare tutti i campi obbligatori del profilo personale. Caricamento Foto Singole Clicca su &#8220;Le mie foto&#8221;, seleziona le immagini e caricale. Importante: ricorda di assegnare un\u2019area tematica a [&hellip;]<\/p>\n","protected":false},"author":1,"featured_media":0,"parent":13814,"menu_order":244,"comment_status":"closed","ping_status":"closed","template":"page_fullwidth.php","meta":[],"acf":[],"_links":{"self":[{"href":"https:\/\/www.urbanphotoawards.com\/it\/wp-json\/wp\/v2\/pages\/14232"}],"collection":[{"href":"https:\/\/www.urbanphotoawards.com\/it\/wp-json\/wp\/v2\/pages"}],"about":[{"href":"https:\/\/www.urbanphotoawards.com\/it\/wp-json\/wp\/v2\/types\/page"}],"author":[{"embeddable":true,"href":"https:\/\/www.urbanphotoawards.com\/it\/wp-json\/wp\/v2\/users\/1"}],"replies":[{"embeddable":true,"href":"https:\/\/www.urbanphotoawards.com\/it\/wp-json\/wp\/v2\/comments?post=14232"}],"version-history":[{"count":4,"href":"https:\/\/www.urbanphotoawards.com\/it\/wp-json\/wp\/v2\/pages\/14232\/revisions"}],"predecessor-version":[{"id":14289,"href":"https:\/\/www.urbanphotoawards.com\/it\/wp-json\/wp\/v2\/pages\/14232\/revisions\/14289"}],"up":[{"embeddable":true,"href":"https:\/\/www.urbanphotoawards.com\/it\/wp-json\/wp\/v2\/pages\/13814"}],"wp:attachment":[{"href":"https:\/\/www.urbanphotoawards.com\/it\/wp-json\/wp\/v2\/media?parent=14232"}],"curies":[{"name":"wp","href":"https:\/\/api.w.org\/{rel}","templated":true}]}}