{"id":13900,"date":"2020-02-24T12:36:58","date_gmt":"2020-02-24T11:36:58","guid":{"rendered":"http:\/\/www.urbanphotoawards.com\/?page_id=13900"},"modified":"2020-07-03T14:45:09","modified_gmt":"2020-07-03T12:45:09","slug":"2020-prizes","status":"publish","type":"page","link":"https:\/\/www.urbanphotoawards.com\/it\/2020-prizes\/","title":{"rendered":"Premi 2020"},"content":{"rendered":"<hr \/>\n<h1 style=\"text-align: center;\">Il valore del montepremi \u00e8 di oltre <strong>16.000 \u20ac<\/strong><\/h1>\n<p style=\"text-align: center;\">I premi sono cos\u00ec suddivisi:<\/p>\n<h3><span style=\"color: #285f75;\">\u00bb SEZIONE #1 \u00bb <strong>FOTO SINGOLE<\/strong><\/span><\/h3>\n<div class=\"su-spacer\" style=\"height:20px\"><\/div><div class=\"su-row\"><div class=\"su-column su-column-size-1-2\"><div class=\"su-column-inner su-u-clearfix su-u-trim\">\n<h4><strong>Vincitore Foto Singole URBAN 2020<\/strong><\/h4>\n<p>Scelto dal presidente della giuria Alex Webb <strong>tra i 4 primi classificati di ciascuna area tematica<\/strong> (Street \/ People \/ Spaces \/ Creative) durante la cerimonia di premiazione, sabato 24 ottobre 2020 nell\u2019ambito di Trieste Photo Days.<\/p>\n<ul>\n<li>Voucher Amazon: <strong>1.500 \u20ac<\/strong><\/li>\n<li>Trofeo URBAN 2020 &#8211; Alex Webb<\/li>\n<li>1 <strong>Borsa di studio <\/strong>alla Cracow School of Art and Fashion Design (valore 1.500 \u20ac)<\/li>\n<li>1 zaino Think Tank Photo <a href=\"https:\/\/www.thinktankphoto.com\/collections\/photocross-sling-bags\/products\/photocross-13\" target=\"_blank\" rel=\"noopener nofollow\"><strong>PhotoCross\u2122 13<\/strong><\/a> (valore 130 \u20ac)<\/li>\n<li>+ i premi del Primo classificato<\/li>\n<\/ul>\n<\/div><\/div><div class=\"su-column su-column-size-1-2\"><div class=\"su-column-inner su-u-clearfix su-u-trim\">\n<h4><strong>Primo classificato di ciascuna area tematica<br \/>\n<\/strong><\/h4>\n<p>La classifica finale viene calcolata facendo la media dei voti espressi dai giurati.<\/p>\n<ul>\n<li>Ospite d\u2019onore a<strong> Trieste Photo Days 2020<\/strong> con soggiorno di <strong>2 notti per 2 persone<\/strong> per la premiazione (valore 180 \u20ac *)<\/li>\n<li>Ospite alla<strong> cena di gala<\/strong> con Alex Webb e Rebecca Norris Webb<\/li>\n<li><strong>Mostra collettiva<\/strong> dei vincitori a Trieste Photo Days 2020<\/li>\n<li><strong>Pubblicazione<\/strong> online e su volume fotografico<\/li>\n<li>1 tracolla <a href=\"http:\/\/www.stroppa.pl\/\" target=\"_blank\" rel=\"noopener nofollow\"><strong>Stroppa<\/strong><\/a> (valore 33 \u20ac)<\/li>\n<li>1 porta memory card Think Tank Photo <a href=\"https:\/\/www.thinktankphoto.com\/collections\/memory-card-wallets\/products\/secure-pixel-pocket-rocket\" target=\"_blank\" rel=\"noopener nofollow\"><strong>Secure Pixel Pocket Rocket\u2122<\/strong><\/a> (valore 22 \u20ac)<\/li>\n<li>Medaglia<\/li>\n<\/ul>\n<\/div><\/div><\/div><div class=\"su-spacer\" style=\"height:20px\"><\/div>\n<div class=\"su-row\"><div class=\"su-column su-column-size-1-2\"><div class=\"su-column-inner su-u-clearfix su-u-trim\">\n<h4><strong>New Buildings &#8211; Premio speciale Matrix4Design <\/strong><\/h4>\n<p>Scelto da Andrea Boni tra le foto del tag <em>New Buildings<\/em> nell\u2019area tematica Spaces.<\/p>\n<ul>\n<li>Ospite d\u2019onore a <strong>Trieste Photo Days 2020<\/strong> con soggiorno di 2 notti per 2 persone per la premiazione (valore 180 \u20ac *)<\/li>\n<li>Ospite alla <strong>cena di gala<\/strong> con Alex Webb e Rebecca Norris Webb<\/li>\n<li><strong>Mostra collettiva<\/strong> dei vincitori a Trieste Photo Days 2020<\/li>\n<li><strong>Pubblicazione<\/strong> online e su volume fotografico<\/li>\n<li>1 zaino Think Tank Photo <a href=\"https:\/\/www.thinktankphoto.com\/collections\/photocross-sling-bags\/products\/photocross-13\" target=\"_blank\" rel=\"noopener nofollow\"><strong>PhotoCross\u2122 13<\/strong><\/a> (valore 130 \u20ac)<\/li>\n<li>1 tracolla <a href=\"http:\/\/www.stroppa.pl\/\" target=\"_blank\" rel=\"noopener nofollow\"><strong>Stroppa<\/strong><\/a> (valore 33 \u20ac)<\/li>\n<li>Medaglia<\/li>\n<\/ul>\n<\/div><\/div><div class=\"su-column su-column-size-1-2\"><div class=\"su-column-inner su-u-clearfix su-u-trim\">\n<h4><strong>Menzioni d\u2019Onore<\/strong><\/h4>\n<p>Assegnate a discrezione della giuria, tra le foto pi\u00f9 rappresentative per area tematica e categoria.<\/p>\n<ul>\n<li>Ospite d\u2019onore a <strong>Trieste Photo Days 2020<\/strong> con soggiorno di 2 notti per 2 persone per la premiazione (valore 180 \u20ac *)<\/li>\n<li>Ospite alla <strong>cena di gala<\/strong> con Alex Webb e Rebecca Norris Webb<\/li>\n<li><strong>Mostra collettiva<\/strong> dei vincitori a Trieste Photo Days 2020<\/li>\n<li><strong>Pubblicazione<\/strong> online e su volume fotografico<\/li>\n<li>1 tracolla <a href=\"http:\/\/www.stroppa.pl\/\" target=\"_blank\" rel=\"noopener nofollow\"><strong>Stroppa<\/strong><\/a> (valore 33 \u20ac)<\/li>\n<li>1 porta memory card Think Tank Photo <a href=\"https:\/\/www.thinktankphoto.com\/collections\/memory-card-wallets\/products\/secure-pixel-pocket-rocket\" target=\"_blank\" rel=\"noopener nofollow\"><strong>Secure Pixel Pocket Rocket\u2122<\/strong><\/a> (valore 22 \u20ac)<\/li>\n<li>Medaglia<\/li>\n<\/ul>\n<\/div><\/div><\/div><div class=\"su-spacer\" style=\"height:20px\"><\/div>\n<h4><strong>Remarkable Rewards <\/strong><\/h4>\n<p>Assegnate a discrezione della giuria.<\/p>\n<ul>\n<li><strong>Mostra collettiva<\/strong> dei vincitori a Trieste Photo Days 2020<\/li>\n<li>1 tracolla <a href=\"http:\/\/www.stroppa.pl\/\" target=\"_blank\" rel=\"noopener nofollow\"><strong>Stroppa<\/strong><\/a> (valore 33 \u20ac)<\/li>\n<li>Medaglia<\/li>\n<\/ul>\n<hr \/>\n<h3><span style=\"color: #285f75;\"><div class=\"su-spacer\" style=\"height:20px\"><\/div>\u00bb SEZIONE #2 \u00bb <strong>PROJECTS &amp; PORTFOLIOS<\/strong><\/span><\/h3>\n<div class=\"su-spacer\" style=\"height:20px\"><\/div><div class=\"su-row\"><div class=\"su-column su-column-size-1-2\"><div class=\"su-column-inner su-u-clearfix su-u-trim\">\n<h4><strong>Vincitore Projects &amp; Portfolios<br \/>\n<\/strong><\/h4>\n<p>La classifica finale viene calcolata facendo la media dei voti espressi dai giurati.<\/p>\n<ul>\n<li>Voucher Amazon: <strong>1.000 \u20ac<\/strong><\/li>\n<li>Ospite d\u2019onore a <strong>Trieste Photo Days 2020<\/strong> con soggiorno di <strong>2 notti per 2 persone <\/strong>per la premiazione (valore 180 \u20ac *)<\/li>\n<li>Ospite alla <strong>cena di gala<\/strong> con Alex Webb e Rebecca Norris Webb<\/li>\n<li><strong>Mostra collettiva<\/strong> dei vincitori a Trieste Photo Days 2020<\/li>\n<li><strong>Pubblicazione<\/strong> online e su volume fotografico<\/li>\n<li>1 zaino Think Tank Photo <a href=\"https:\/\/www.thinktankphoto.com\/collections\/photocross-sling-bags\/products\/photocross-13\" target=\"_blank\" rel=\"noopener nofollow\"><strong>PhotoCross\u2122 13<\/strong><\/a> (valore 130 \u20ac)<\/li>\n<li>1 tracolla <a href=\"http:\/\/www.stroppa.pl\/\" target=\"_blank\" rel=\"noopener nofollow\"><strong>Stroppa<\/strong><\/a> (valore 33 \u20ac)<\/li>\n<li>1 porta memory card Think Tank Photo <a href=\"https:\/\/www.thinktankphoto.com\/collections\/memory-card-wallets\/products\/secure-pixel-pocket-rocket\" target=\"_blank\" rel=\"noopener nofollow\"><strong>Secure Pixel Pocket Rocket\u2122<\/strong><\/a> (valore 22 \u20ac)<\/li>\n<li>Medaglia<\/li>\n<\/ul>\n<\/div><\/div><div class=\"su-column su-column-size-1-2\"><div class=\"su-column-inner su-u-clearfix su-u-trim\">\n<h4><strong>Menzioni d\u2019Onore<\/strong><\/h4>\n<p>Assegnate a discrezione della giuria.<\/p>\n<ul>\n<li>Ospite d\u2019onore a <strong>Trieste Photo Days 2020<\/strong> con soggiorno di <strong>2 notti per 2 persone <\/strong>per la premiazione (valore 180 \u20ac *)<\/li>\n<li>Ospite alla <strong>cena di gala<\/strong> con Alex Webb e Rebecca Norris Webb<\/li>\n<li><strong>Mostra collettiva<\/strong> dei vincitori a Trieste Photo Days 2020<\/li>\n<li><strong>Pubblicazione<\/strong> online e su volume fotografico<\/li>\n<li>1 tracolla <a href=\"http:\/\/www.stroppa.pl\/\" target=\"_blank\" rel=\"noopener nofollow\"><strong>Stroppa<\/strong><\/a> (valore 33 \u20ac)<\/li>\n<li>1 porta memory card Think Tank Photo <a href=\"https:\/\/www.thinktankphoto.com\/collections\/memory-card-wallets\/products\/secure-pixel-pocket-rocket\" target=\"_blank\" rel=\"noopener nofollow\"><strong>Secure Pixel Pocket Rocket\u2122<\/strong><\/a> (valore 22 \u20ac)<\/li>\n<li>Medaglia<\/li>\n<\/ul>\n<\/div><\/div><\/div>\n<hr \/>\n<h3><span style=\"color: #285f75;\"><div class=\"su-spacer\" style=\"height:20px\"><\/div>\u00bb SEZIONE #3 \u00bb <strong>URBAN Book Award<br \/>\n<\/strong><\/span><\/h3>\n<div class=\"su-spacer\" style=\"height:20px\"><\/div>La classifica finale viene calcolata facendo la media dei voti espressi dai giurati.<\/p>\n<ul>\n<li>Produzione e pubblicazione del Libro<\/li>\n<li>Ospite d\u2019onore a <strong>Trieste Photo Days 2020<\/strong> con soggiorno di <strong>3 notti per 2 persone <\/strong>per la premiazione (valore 270 \u20ac *)<\/li>\n<li>Ospite alla <strong>cena di gala<\/strong> con Alex Webb e Rebecca Norris Webb<\/li>\n<li>1 zaino Think Tank Photo <a href=\"https:\/\/www.thinktankphoto.com\/collections\/photocross-sling-bags\/products\/photocross-13\" target=\"_blank\" rel=\"noopener nofollow\"><strong>PhotoCross\u2122 13<\/strong><\/a> (valore 130 \u20ac)<\/li>\n<li>1 tracolla <a href=\"http:\/\/www.stroppa.pl\/\" target=\"_blank\" rel=\"noopener nofollow\"><strong>Stroppa<\/strong><\/a> (valore 33 \u20ac)<\/li>\n<li>1 porta memory card Think Tank Photo <a href=\"https:\/\/www.thinktankphoto.com\/collections\/memory-card-wallets\/products\/secure-pixel-pocket-rocket\" target=\"_blank\" rel=\"noopener nofollow\"><strong>Secure Pixel Pocket Rocket\u2122<\/strong><\/a> (valore 22 \u20ac)<\/li>\n<li>Medaglia<\/li>\n<\/ul>\n<hr \/>\n<h3><span style=\"color: #285f75;\"><div class=\"su-spacer\" style=\"height:20px\"><\/div>\u00bb MIGLIORE <strong>AUTORE<\/strong> URBAN 2020<\/span><\/h3>\n<p>Il fotografo che si \u00e8 classificato ai primi posti in <strong>pi\u00f9 sezioni, aree tematiche e\/o categorie<\/strong> dimostrando una spiccata cifra autoriale.<\/p>\n<ul>\n<li>Voucher Amazon: <strong>500 \u20ac<\/strong><\/li>\n<li>Ospite d\u2019onore a <strong>Trieste Photo Days 2020<\/strong> con soggiorno di <strong>2 notti per 2 persone <\/strong>per la premiazione (valore 180 \u20ac *)<\/li>\n<li>Ospite alla <strong>cena di gala<\/strong> con Alex Webb e Rebecca Norris Webb<\/li>\n<li><strong>Mostra collettiva<\/strong> dei vincitori a Trieste Photo Days 2020<\/li>\n<li><strong>Pubblicazione<\/strong> online e su volume fotografico<\/li>\n<li>1 zaino Think Tank Photo <a href=\"https:\/\/www.thinktankphoto.com\/collections\/photocross-sling-bags\/products\/photocross-13\" target=\"_blank\" rel=\"noopener nofollow\"><strong>PhotoCross\u2122 13<\/strong><\/a> (valore 130 \u20ac)<\/li>\n<li>1 tracolla <a href=\"http:\/\/www.stroppa.pl\/\" target=\"_blank\" rel=\"noopener nofollow\"><strong>Stroppa<\/strong><\/a> (valore 33 \u20ac)<\/li>\n<li>Medaglia<\/li>\n<\/ul>\n<hr \/>\n<p>* valido esclusivamente per il 23 e 24 ottobre 2020 per chi presenzia alla premiazione durante il festival, non cumulabile n\u00e9 riscattabile diversamente.<\/p>\n<hr \/>\n<h4><strong><div class=\"su-spacer\" style=\"height:20px\"><\/div>\u00bb Mostra al museo di Parenzo, Croazia (valore: 1.500 \u20ac)<br \/>\n<\/strong><\/h4>\n<p><strong><a href=\"http:\/\/www.muzejporec.hr\" target=\"_blank\" rel=\"nofollow noopener\"><img loading=\"lazy\" class=\"lazy-loaded alignleft\" src=\"http:\/\/www.urbanphotoawards.com\/wp-content\/uploads\/2016\/03\/partner_mp.jpg\" alt=\" lazy placeholder\" width=\"136\" height=\"82\" data-lazy-type=\"image\" data-src=\"http:\/\/www.urbanphotoawards.com\/wp-content\/uploads\/2016\/03\/partner_mp.jpg\" \/><\/a><\/strong><\/p>\n<p>3 progetti della sezione \u201cProjects &amp; Portfolios\u201d saranno selezionati dai curatori del Museo del territorio parentino (Parenzo, Croazia) ed esposti dal 24 luglio al 30 agosto 2020 (periodo in cui la localit\u00e0 turistica tocca i 120.000 visitatori). Inoltre, il Museo rilascer\u00e0 ai fotografi un certificato ufficiale di partecipazione alla mostra. Sar\u00e0 selezionato inoltre <strong>1 miglior autore<\/strong>, che verr\u00e0 premiato con un <strong>soggiorno gratuito di 2 notti a Trieste<\/strong> per partecipare alla <strong>cerimonia di premiazione di URBAN<\/strong> durante <strong>Trieste Photo Days 2020<\/strong>.<div class=\"su-spacer\" style=\"height:20px\"><\/div>\n<hr \/>\n<h4><strong><div class=\"su-spacer\" style=\"height:20px\"><\/div>\u00bb Mostra al Civico Museo Sartorio di Trieste <\/strong><strong>(valore: 2.000 \u20ac)<\/strong><\/h4>\n<p>4 progetti che riusciranno ad arrivare tra i Semifinalisti saranno selezionati da una giuria d\u2019eccezione ed esposti dal presso il prestigioso <a href=\"http:\/\/museosartoriotrieste.it\/\" target=\"_blank\" rel=\"noopener nofollow\"><strong>Civico Museo Sartorio<\/strong><\/a> di Trieste, nell\u2019ambito del festival <a href=\"https:\/\/www.triestephotodays.com\/\" target=\"_blank\" rel=\"noopener nofollow\"><strong>Trieste Photo Days<\/strong><\/a>. Sar\u00e0 selezionato inoltre <strong>1 miglior autore<\/strong>, che verr\u00e0 premiato con un <strong>soggiorno gratuito di 2 notti a Trieste<\/strong> per partecipare alla <strong>cerimonia di premiazione di URBAN<\/strong> durante <strong>Trieste Photo Days 2020<\/strong>.<div class=\"su-spacer\" style=\"height:20px\"><\/div>\n<hr \/>\n<h4><strong><div class=\"su-spacer\" style=\"height:20px\"><\/div>\u00bb Borsa di studio alla Cracow School of Art and Fashion Design (valore: 1.500 \u20ac)<br \/>\n<\/strong><\/h4>\n<p><img loading=\"lazy\" class=\"alignnone wp-image-10280\" src=\"http:\/\/www.urbanphotoawards.com\/wp-content\/uploads\/2019\/05\/ksa-logo-na-strone-2013-2.gif\" alt=\"\" width=\"358\" height=\"59\" \/><\/p>\n<p>La <strong>Scuola d&#8217;Arte e Fashion Design di Cracovia<\/strong>, Polonia (Krakowskie Szko\u0142y Artystyczne) mette a disposizione del vincitore assoluto di URBAN 2020 una<strong> borsa di studio di 6 mesi<\/strong> (valore 1.500 \u20ac) per frequentare la <a href=\"https:\/\/www.ksa.edu.pl\/photography-school-english\" target=\"_blank\" rel=\"noopener nofollow\"><strong>Photography School<\/strong><\/a> in inglese durante l&#8217;anno scolastico 2020\/2021. Il vincitore, se impossibilitato a frequentare il corso, \u00e8 libero di cedere a terzi la borsa di studio. Qualora vi rinunciasse del tutto, il premio verr\u00e0 assegnato all&#8217;autore nella posizione immediatamente successiva in classifica.<div class=\"su-spacer\" style=\"height:20px\"><\/div>\n<hr \/>\n<h1 class=\"post-image\" style=\"text-align: center;\"><strong><span style=\"color: #ff6600;\">PREMI MESSI IN PALIO DAI NOSTRI PARTNER TECNICI<\/span><br \/>\n<\/strong><\/h1>\n<h4><strong>PREMIO STROPPA<\/strong><\/h4>\n<div class=\"rgg-container\" data-rgg-id=\"3\">    <div class=\"rgg-imagegrid captions-overlay-hover-show captions-effect-slide_up \" data-rgg-id=\"3\">\n                    <a href=\"https:\/\/www.urbanphotoawards.com\/wp-content\/uploads\/2019\/03\/DSC01623x.jpg\" data-rel=\"rgglightbox-gallery-2\" rel=\"rgg\"  class=\"rgg-disabled size-medium rgg-img rl-gallery-link\"  data-src=\"https:\/\/www.urbanphotoawards.com\/wp-content\/uploads\/2019\/03\/DSC01623x-300x200.jpg\" data-ratio=\"1.5\" data-height=\"200\" data-width=\"300\" aria-label=\"\" title=\"\" data-rl_title=\"\" data-rl_caption=\"\">\n                            <\/a>\n                    <a href=\"https:\/\/www.urbanphotoawards.com\/wp-content\/uploads\/2019\/03\/sr_20160828_933-1-1024x683.jpg\" data-rel=\"rgglightbox-gallery-2\" rel=\"rgg\"  class=\"rgg-disabled size-medium rgg-img rl-gallery-link\"  data-src=\"https:\/\/www.urbanphotoawards.com\/wp-content\/uploads\/2019\/03\/sr_20160828_933-1-1024x683-300x200.jpg\" data-ratio=\"1.5\" data-height=\"200\" data-width=\"300\" aria-label=\"\" title=\"\" data-rl_title=\"\" data-rl_caption=\"\">\n                            <\/a>\n                    <a href=\"https:\/\/www.urbanphotoawards.com\/wp-content\/uploads\/2019\/03\/sr_20160828_1524-1-1024x683.jpg\" data-rel=\"rgglightbox-gallery-2\" rel=\"rgg\"  class=\"rgg-disabled size-medium rgg-img rl-gallery-link\"  data-src=\"https:\/\/www.urbanphotoawards.com\/wp-content\/uploads\/2019\/03\/sr_20160828_1524-1-1024x683-300x200.jpg\" data-ratio=\"1.5\" data-height=\"200\" data-width=\"300\" aria-label=\"\" title=\"\" data-rl_title=\"\" data-rl_caption=\"\">\n                            <\/a>\n                    <a href=\"https:\/\/www.urbanphotoawards.com\/wp-content\/uploads\/2019\/03\/Stroppa_Pic02-1-1024x683.jpg\" data-rel=\"rgglightbox-gallery-2\" rel=\"rgg\"  class=\"rgg-disabled size-medium rgg-img rl-gallery-link\"  data-src=\"https:\/\/www.urbanphotoawards.com\/wp-content\/uploads\/2019\/03\/Stroppa_Pic02-1-1024x683-300x200.jpg\" data-ratio=\"1.5\" data-height=\"200\" data-width=\"300\" aria-label=\"\" title=\"\" data-rl_title=\"\" data-rl_caption=\"\">\n                            <\/a>\n            <\/div>\n<\/div>\n<p>Il nostro partner tecnico <a href=\"http:\/\/www.stroppa.pl\/\" target=\"_blank\" rel=\"noopener nofollow\"><strong>Stroppa<\/strong><\/a> mette in palio ben <strong>50<\/strong> delle sue <strong>tracolle artigianali<\/strong>, una per ogni <strong>Fotografo Finalista<\/strong> (valore 33 \u20ac l&#8217;una).<div class=\"su-spacer\" style=\"height:20px\"><\/div>\n<hr \/>\n<h4><strong><div class=\"su-spacer\" style=\"height:20px\"><\/div>PREMIO THINK TANK PHOTO<br \/>\n<\/strong><\/h4>\n<div class=\"rgg-container\" data-rgg-id=\"4\">    <div class=\"rgg-imagegrid captions-overlay-hover-show captions-effect-slide_up \" data-rgg-id=\"4\">\n                    <a href=\"https:\/\/www.urbanphotoawards.com\/wp-content\/uploads\/2020\/02\/LogoTT.jpg\" data-rel=\"rgglightbox-gallery-3\" rel=\"rgg\"  class=\"rgg-disabled size-medium rgg-img rl-gallery-link\"  data-src=\"https:\/\/www.urbanphotoawards.com\/wp-content\/uploads\/2020\/02\/LogoTT-300x300.jpg\" data-ratio=\"1\" data-height=\"300\" data-width=\"300\" aria-label=\"\" title=\"\" data-rl_title=\"\" data-rl_caption=\"\">\n                <span class=\"rgg-caption-container\"><span class=\"rgg-caption\"><span class=\"rgg-inner-caption\">Think Tank Photo<\/span><\/span><\/span>            <\/a>\n                    <a href=\"https:\/\/www.urbanphotoawards.com\/wp-content\/uploads\/2020\/02\/PhotoCross-13_0004_PhotoCross-13-Carbon-Grey-Front-Left-055.jpg\" data-rel=\"rgglightbox-gallery-3\" rel=\"rgg\"  class=\"rgg-disabled size-medium rgg-img rl-gallery-link\"  data-src=\"https:\/\/www.urbanphotoawards.com\/wp-content\/uploads\/2020\/02\/PhotoCross-13_0004_PhotoCross-13-Carbon-Grey-Front-Left-055-300x300.jpg\" data-ratio=\"1\" data-height=\"300\" data-width=\"300\" aria-label=\"\" title=\"\" data-rl_title=\"\" data-rl_caption=\"\">\n                <span class=\"rgg-caption-container\"><span class=\"rgg-caption\"><span class=\"rgg-inner-caption\">PhotoCross\u2122 13<\/span><\/span><\/span>            <\/a>\n                    <a href=\"https:\/\/www.urbanphotoawards.com\/wp-content\/uploads\/2020\/02\/PhotoCross-13_0008_Background.jpg\" data-rel=\"rgglightbox-gallery-3\" rel=\"rgg\"  class=\"rgg-disabled size-medium rgg-img rl-gallery-link\"  data-src=\"https:\/\/www.urbanphotoawards.com\/wp-content\/uploads\/2020\/02\/PhotoCross-13_0008_Background-300x300.jpg\" data-ratio=\"1\" data-height=\"300\" data-width=\"300\" aria-label=\"\" title=\"\" data-rl_title=\"\" data-rl_caption=\"\">\n                <span class=\"rgg-caption-container\"><span class=\"rgg-caption\"><span class=\"rgg-inner-caption\">PhotoCross\u2122 13<\/span><\/span><\/span>            <\/a>\n                    <a href=\"https:\/\/www.urbanphotoawards.com\/wp-content\/uploads\/2020\/02\/PhotoCross-13-group-hero.jpg\" data-rel=\"rgglightbox-gallery-3\" rel=\"rgg\"  class=\"rgg-disabled size-medium rgg-img rl-gallery-link\"  data-src=\"https:\/\/www.urbanphotoawards.com\/wp-content\/uploads\/2020\/02\/PhotoCross-13-group-hero-300x300.jpg\" data-ratio=\"1\" data-height=\"300\" data-width=\"300\" aria-label=\"\" title=\"\" data-rl_title=\"\" data-rl_caption=\"\">\n                <span class=\"rgg-caption-container\"><span class=\"rgg-caption\"><span class=\"rgg-inner-caption\">PhotoCross\u2122 13<\/span><\/span><\/span>            <\/a>\n                    <a href=\"https:\/\/www.urbanphotoawards.com\/wp-content\/uploads\/2020\/02\/Secure-Pixel-Pocket-Rocket-Attached-To-Belt-Green-221.jpg\" data-rel=\"rgglightbox-gallery-3\" rel=\"rgg\"  class=\"rgg-disabled size-medium rgg-img rl-gallery-link\"  data-src=\"https:\/\/www.urbanphotoawards.com\/wp-content\/uploads\/2020\/02\/Secure-Pixel-Pocket-Rocket-Attached-To-Belt-Green-221-300x300.jpg\" data-ratio=\"1\" data-height=\"300\" data-width=\"300\" aria-label=\"\" title=\"\" data-rl_title=\"\" data-rl_caption=\"\">\n                <span class=\"rgg-caption-container\"><span class=\"rgg-caption\"><span class=\"rgg-inner-caption\">Secure Pixel Pocket Rocket\u2122<\/span><\/span><\/span>            <\/a>\n                    <a href=\"https:\/\/www.urbanphotoawards.com\/wp-content\/uploads\/2020\/02\/Secure-Pixel-Pocket-Rocket-Folded-Green-119.jpg\" data-rel=\"rgglightbox-gallery-3\" rel=\"rgg\"  class=\"rgg-disabled size-medium rgg-img rl-gallery-link\"  data-src=\"https:\/\/www.urbanphotoawards.com\/wp-content\/uploads\/2020\/02\/Secure-Pixel-Pocket-Rocket-Folded-Green-119-300x300.jpg\" data-ratio=\"1\" data-height=\"300\" data-width=\"300\" aria-label=\"\" title=\"\" data-rl_title=\"\" data-rl_caption=\"\">\n                <span class=\"rgg-caption-container\"><span class=\"rgg-caption\"><span class=\"rgg-inner-caption\">Secure Pixel Pocket Rocket\u2122<\/span><\/span><\/span>            <\/a>\n            <\/div>\n<\/div>\n<p>Il nostro partner tecnico <a href=\"https:\/\/www.thinktankphoto.com\/\" target=\"_blank\" rel=\"noopener nofollow\"><strong>Think Tank Photo<\/strong><\/a> mette in palio per i vincitori <strong>borse e zaini<\/strong> per un valore complessivo di <strong>\u20ac 1.000<\/strong>.<div class=\"su-spacer\" style=\"height:20px\"><\/div>\n<hr \/>\n<h1 style=\"text-align: center;\"><strong><span style=\"color: #ff6600;\">PUBBLICAZIONE<\/span><\/strong><\/h1>\n<p><strong>\u00bb Sito web URBAN<\/strong><br \/>\nUn\u2019ampia selezione delle foto classificate sar\u00e0 pubblicata nella <a href=\"http:\/\/www.urbanphotoawards.com\/it\/2019-winners\/winners-2018-single-pictures\/\"><strong>gallery<\/strong><\/a> di questo sito.<\/p>\n<p><strong>\u00bb Libro <em>Urban Unveils \u2013 Volume 6<\/em><\/strong><br \/>\nUna selezione delle migliori foto e progetti entreranno a far parte del quinto <strong><a href=\"http:\/\/www.urbanphotoawards.com\/it\/category\/books\/\" target=\"_blank\" rel=\"noopener\">volume<\/a><\/strong> <em><strong>Urban unveils the city and its secrets<\/strong><\/em>. Il libro, edito in settembre, verr\u00e0 presentato durante le premiazioni al Trieste Photo Days a fine ottobre, e distribuito da Urban \/ dotART.<\/p>\n<p><b>\u00bb Premio &#8220;Pictures magazin&#8221;<br \/>\n<\/b>Il magazine tedesco <a href=\"https:\/\/www.sonic-media.de\/Pictures-Magazin\/\" target=\"_blank\" rel=\"noopener nofollow\"><strong>Pictures magazin<\/strong><\/a> pubblicher\u00e0 un&#8217;intervista al vincitore assieme a una story di 8-10 pagine.<\/p>\n<hr \/>\n<p><img loading=\"lazy\" class=\"alignnone wp-image-13905 size-full\" src=\"http:\/\/www.urbanphotoawards.com\/wp-content\/uploads\/2020\/02\/URBAN2020_schemapremi.gif\" alt=\"\" width=\"1464\" height=\"1158\" \/>","protected":false},"excerpt":{"rendered":"<p>Il valore del montepremi \u00e8 di oltre 16.000 \u20ac I premi sono cos\u00ec suddivisi: \u00bb SEZIONE #1 \u00bb FOTO SINGOLE Remarkable Rewards Assegnate a discrezione della giuria. Mostra collettiva dei vincitori a Trieste Photo Days 2020 1 tracolla Stroppa (valore 33 \u20ac) Medaglia \u00bb SEZIONE [&hellip;]<\/p>\n","protected":false},"author":1,"featured_media":14315,"parent":0,"menu_order":242,"comment_status":"closed","ping_status":"closed","template":"page_fullwidth.php","meta":[],"acf":[],"_links":{"self":[{"href":"https:\/\/www.urbanphotoawards.com\/it\/wp-json\/wp\/v2\/pages\/13900"}],"collection":[{"href":"https:\/\/www.urbanphotoawards.com\/it\/wp-json\/wp\/v2\/pages"}],"about":[{"href":"https:\/\/www.urbanphotoawards.com\/it\/wp-json\/wp\/v2\/types\/page"}],"author":[{"embeddable":true,"href":"https:\/\/www.urbanphotoawards.com\/it\/wp-json\/wp\/v2\/users\/1"}],"replies":[{"embeddable":true,"href":"https:\/\/www.urbanphotoawards.com\/it\/wp-json\/wp\/v2\/comments?post=13900"}],"version-history":[{"count":21,"href":"https:\/\/www.urbanphotoawards.com\/it\/wp-json\/wp\/v2\/pages\/13900\/revisions"}],"predecessor-version":[{"id":14642,"href":"https:\/\/www.urbanphotoawards.com\/it\/wp-json\/wp\/v2\/pages\/13900\/revisions\/14642"}],"wp:featuredmedia":[{"embeddable":true,"href":"https:\/\/www.urbanphotoawards.com\/it\/wp-json\/wp\/v2\/media\/14315"}],"wp:attachment":[{"href":"https:\/\/www.urbanphotoawards.com\/it\/wp-json\/wp\/v2\/media?parent=13900"}],"curies":[{"name":"wp","href":"https:\/\/api.w.org\/{rel}","templated":true}]}}