{"id":11734,"date":"2019-10-18T12:31:20","date_gmt":"2019-10-18T10:31:20","guid":{"rendered":"http:\/\/www.urbanphotoawards.com\/?page_id=11734"},"modified":"2019-10-25T11:23:48","modified_gmt":"2019-10-25T09:23:48","slug":"gala-dinner-urban-2019-photo-awards","status":"publish","type":"page","link":"https:\/\/www.urbanphotoawards.com\/it\/gala-dinner-urban-2019-photo-awards\/","title":{"rendered":"[POSTI ESAURITI!] Cena di Gala \/ URBAN 2019 Photo Awards"},"content":{"rendered":"<div class=\"su-row\"><div class=\"su-column su-column-size-1-2\"><div class=\"su-column-inner su-u-clearfix su-u-trim\">\n<p>Sabato 26 ottobre 2019, dopo la premiazione di <strong>URBAN 2019 Photo Awards<\/strong>, si terr\u00e0 la <strong>Cena di Gala<\/strong> del concorso presso il <a href=\"https:\/\/papi.eatbu.com\/\" target=\"_blank\" rel=\"noopener nofollow\"><strong>Ristorante Pa\u2019Pi<\/strong><\/a>, con i vincitori, lo staff del festival e il presidente della giuria <strong>Martin Parr<\/strong>.<\/p>\n<p>\u00c8 <span style=\"text-decoration: underline;\">possibile partecipare alla cena<\/span> (fino a esaurimento posti) iscrivendosi sul form e versando la quota di partecipazione di <strong>60 \u20ac<\/strong> <strong>a persona<\/strong>, al massimo entro gioved\u00ec 24 ottobre 2019.<\/p>\n<h3><strong>Men\u00f9 della cena<\/strong><\/h3>\n<p>(compreso nella quota di partecipazione)<\/p>\n<p><em>Buffet in piedi<\/em><\/p>\n<ul>\n<li>Pancetta stufata in crosta di pane<\/li>\n<li>Lecca Lecca di Frico<\/li>\n<li>Focaccia della casa<\/li>\n<li>Crema di ricotta del Carso<\/li>\n<li>Stracchino e pino tostati<\/li>\n<\/ul>\n<p>Abbinato a Porsecco Valdola Milesimato Extra Dry<\/p>\n<p><em>Cena<\/em><\/p>\n<ul>\n<li>Souffl\u00e8 di zucca con amaretti e fonduta di formaggio carsolino<\/li>\n<li>Orzotto con salsiccia e radicchio di Treviso<\/li>\n<li>Goulash dello chef e patate alla triestina<\/li>\n<li>Dessert: Sorbetto ai fiori di Sambuco<\/li>\n<\/ul>\n<p>Ogni portata \u00e8 abbinata ad un vino rosso (Cabernet, Merlot, Refosco). A scelta si pu\u00f2 avere in alternativa vino bianco (Malvasia, Friulano). Nella cena \u00e8 inclusa anche l\u2019acqua.<\/p>\n<h3><strong>Dress code<br \/>\n<\/strong><\/h3>\n<ul>\n<li>Smart elegant<\/li>\n<\/ul>\n<h3><strong>Pagamento<\/strong><\/h3>\n<ul>\n<li><strong>PayPal<\/strong> a paypal@dotart.it o www.paypal.me\/dotart<\/li>\n<li><strong>Bonifico<\/strong> a dotART: IBAN IT43F0306909606100000010209 \u2013 BIC\/SWIFT Code: BCITITMM (aggiungere in causale il proprio Nome e Cognome).<\/li>\n<\/ul>\n<\/div><\/div><div class=\"su-column su-column-size-1-2\"><div class=\"su-column-inner su-u-clearfix su-u-trim\">\n<h2><strong>Prenota il tuo posto alla cena<br \/>\n<\/strong><\/h2>\n<h3><span style=\"text-decoration: underline; color: #ff0000;\"><strong>POSTI ESAURITI!<\/strong><\/span><\/h3>\n<p><iframe loading=\"lazy\" style=\"border: 0;\" src=\"https:\/\/www.google.com\/maps\/embed?pb=!1m14!1m8!1m3!1d2788.933737267439!2d13.772720496820064!3d45.65215242484045!3m2!1i1024!2i768!4f13.1!3m3!1m2!1s0x0%3A0x82f1eb160ce45e31!2sPapi%20Restaurant%20Bistro!5e0!3m2!1sit!2sit!4v1571394364575!5m2!1sit!2sit\" width=\"90%\" height=\"450\" frameborder=\"0\" allowfullscreen=\"allowfullscreen\"><\/iframe><\/p>\n<\/div><\/div><\/div>\n<hr \/>\n<div class=\"rgg-container\" data-rgg-id=\"2\">    <div class=\"rgg-imagegrid captions-overlay-hover-show captions-effect-slide_up \" data-rgg-id=\"2\">\n                    <a href=\"https:\/\/www.urbanphotoawards.com\/wp-content\/uploads\/2019\/10\/Papi-Restaurant-Bistro-5E2EF6F1-44DB-4FBF-88E4-EE14D96B925A.jpg\" data-rel=\"rgglightbox-gallery-1\" rel=\"rgg\"  class=\"rgg-disabled size-medium rgg-img rl-gallery-link\"  data-src=\"https:\/\/www.urbanphotoawards.com\/wp-content\/uploads\/2019\/10\/Papi-Restaurant-Bistro-5E2EF6F1-44DB-4FBF-88E4-EE14D96B925A-300x225.jpg\" data-ratio=\"1.3333333333333\" data-height=\"225\" data-width=\"300\" aria-label=\"\" title=\"\" data-rl_title=\"\" data-rl_caption=\"\">\n                            <\/a>\n                    <a href=\"https:\/\/www.urbanphotoawards.com\/wp-content\/uploads\/2019\/10\/Papi-Restaurant-Bistro-05841431-57C0-4D26-BD7B-14E58C0C8E3B.jpg\" data-rel=\"rgglightbox-gallery-1\" rel=\"rgg\"  class=\"rgg-disabled size-medium rgg-img rl-gallery-link\"  data-src=\"https:\/\/www.urbanphotoawards.com\/wp-content\/uploads\/2019\/10\/Papi-Restaurant-Bistro-05841431-57C0-4D26-BD7B-14E58C0C8E3B-300x225.jpg\" data-ratio=\"1.3333333333333\" data-height=\"225\" data-width=\"300\" aria-label=\"\" title=\"\" data-rl_title=\"\" data-rl_caption=\"\">\n                            <\/a>\n            <\/div>\n<\/div>","protected":false},"excerpt":{"rendered":"Sabato 26 ottobre 2019, dopo la premiazione di URBAN 2019 Photo Awards, si terr\u00e0 la Cena di Gala del concorso presso il Ristorante Pa\u2019Pi, con i vincitori, lo staff del festival e il presidente della giuria Martin Parr. \u00c8 possibile partecipare alla cena (fino a [...]","protected":false},"author":1,"featured_media":0,"parent":0,"menu_order":230,"comment_status":"closed","ping_status":"closed","template":"page_fullwidth.php","meta":[],"acf":[],"_links":{"self":[{"href":"https:\/\/www.urbanphotoawards.com\/it\/wp-json\/wp\/v2\/pages\/11734"}],"collection":[{"href":"https:\/\/www.urbanphotoawards.com\/it\/wp-json\/wp\/v2\/pages"}],"about":[{"href":"https:\/\/www.urbanphotoawards.com\/it\/wp-json\/wp\/v2\/types\/page"}],"author":[{"embeddable":true,"href":"https:\/\/www.urbanphotoawards.com\/it\/wp-json\/wp\/v2\/users\/1"}],"replies":[{"embeddable":true,"href":"https:\/\/www.urbanphotoawards.com\/it\/wp-json\/wp\/v2\/comments?post=11734"}],"version-history":[{"count":22,"href":"https:\/\/www.urbanphotoawards.com\/it\/wp-json\/wp\/v2\/pages\/11734\/revisions"}],"predecessor-version":[{"id":11783,"href":"https:\/\/www.urbanphotoawards.com\/it\/wp-json\/wp\/v2\/pages\/11734\/revisions\/11783"}],"wp:attachment":[{"href":"https:\/\/www.urbanphotoawards.com\/it\/wp-json\/wp\/v2\/media?parent=11734"}],"curies":[{"name":"wp","href":"https:\/\/api.w.org\/{rel}","templated":true}]}}